{"id":18219,"date":"2024-12-05T00:15:41","date_gmt":"2024-12-04T23:15:41","guid":{"rendered":"https:\/\/stampcurio.com\/product\/sc-24-3505\/"},"modified":"2025-12-05T04:05:27","modified_gmt":"2025-12-05T03:05:27","slug":"1912-ceylon-harom-kepeslap-kratochwill-fele-vilag-koruli-utazas","status":"publish","type":"product","link":"https:\/\/stampcurio.com\/hu\/termek\/1912-ceylon-harom-kepeslap-kratochwill-fele-vilag-koruli-utazas\/","title":{"rendered":"1912 Ceylon \u2013 h\u00e1rom k\u00e9peslap \u2013 Kratochwill f\u00e9le vil\u00e1g k\u00f6r\u00fcli utaz\u00e1s"},"content":{"rendered":"","protected":false},"excerpt":{"rendered":"","protected":false},"featured_media":18217,"template":"","meta":[],"product_brand":[],"product_cat":[1172,1628],"product_tag":[1664,97,1627,1041,89],"class_list":{"0":"post-18219","1":"product","2":"type-product","3":"status-publish","4":"has-post-thumbnail","6":"product_cat-magyarorszag","7":"product_cat-sri-lanka","8":"product_tag-2nd-auction-hu","9":"product_tag-kepeslap","10":"product_tag-kratochwill","11":"product_tag-marcophily-hu","12":"product_tag-postatortenet","14":"first","15":"outofstock","16":"sold-individually","17":"shipping-taxable","18":"product-type-simple"},"_links":{"self":[{"href":"https:\/\/stampcurio.com\/hu\/wp-json\/wp\/v2\/product\/18219","targetHints":{"allow":["GET"]}}],"collection":[{"href":"https:\/\/stampcurio.com\/hu\/wp-json\/wp\/v2\/product"}],"about":[{"href":"https:\/\/stampcurio.com\/hu\/wp-json\/wp\/v2\/types\/product"}],"wp:featuredmedia":[{"embeddable":true,"href":"https:\/\/stampcurio.com\/hu\/wp-json\/wp\/v2\/media\/18217"}],"wp:attachment":[{"href":"https:\/\/stampcurio.com\/hu\/wp-json\/wp\/v2\/media?parent=18219"}],"wp:term":[{"taxonomy":"product_brand","embeddable":true,"href":"https:\/\/stampcurio.com\/hu\/wp-json\/wp\/v2\/product_brand?post=18219"},{"taxonomy":"product_cat","embeddable":true,"href":"https:\/\/stampcurio.com\/hu\/wp-json\/wp\/v2\/product_cat?post=18219"},{"taxonomy":"product_tag","embeddable":true,"href":"https:\/\/stampcurio.com\/hu\/wp-json\/wp\/v2\/product_tag?post=18219"}],"curies":[{"name":"wp","href":"https:\/\/api.w.org\/{rel}","templated":true}]}}