{"id":1820,"date":"2023-11-09T21:46:52","date_gmt":"2023-11-09T20:46:52","guid":{"rendered":"http:\/\/stampcurio.com\/?post_type=product&#038;p=1820"},"modified":"2025-12-05T04:13:44","modified_gmt":"2025-12-05T03:13:44","slug":"1936-nemetorszag-brown-bonds-blokk-futott-legiposta-zeppelin-levelkent-hindenburg-olimpia-repules","status":"publish","type":"product","link":"https:\/\/stampcurio.com\/hu\/termek\/1936-nemetorszag-brown-bonds-blokk-futott-legiposta-zeppelin-levelkent-hindenburg-olimpia-repules\/","title":{"rendered":"1936 N\u00e9metorsz\u00e1g &#8220;Brown Bonds&#8221; blokk futott l\u00e9giposta Zeppelin lev\u00e9lk\u00e9nt &#8211; Hindenburg Olimpia rep\u00fcl\u00e9s"},"content":{"rendered":"","protected":false},"excerpt":{"rendered":"<p>A blokk egy azonos m\u00e9ret\u0171 pap\u00edrlapra ragasztva ker\u00fclt post\u00e1z\u00e1sra, a kieg\u00e9sz\u00edt\u0151 b\u00e9lyeg \u00e9s a feliratok \/ b\u00e9lyegz\u0151k a blokkon tal\u00e1lhat\u00f3k.<\/p>\n","protected":false},"featured_media":10989,"template":"","meta":[],"product_brand":[],"product_cat":[113],"product_tag":[1044,115,67,149,89,150],"class_list":{"0":"post-1820","1":"product","2":"type-product","3":"status-publish","4":"has-post-thumbnail","6":"product_cat-nemetorszag-1st","7":"product_tag-1st-auction-hu","8":"product_tag-legiposta","9":"product_tag-marcofilatelia","10":"product_tag-olimpia","11":"product_tag-postatortenet","12":"product_tag-zeppelin","13":"pa_catalog_id-148","15":"first","16":"instock","17":"sold-individually","18":"shipping-taxable","19":"product-type-simple"},"_links":{"self":[{"href":"https:\/\/stampcurio.com\/hu\/wp-json\/wp\/v2\/product\/1820","targetHints":{"allow":["GET"]}}],"collection":[{"href":"https:\/\/stampcurio.com\/hu\/wp-json\/wp\/v2\/product"}],"about":[{"href":"https:\/\/stampcurio.com\/hu\/wp-json\/wp\/v2\/types\/product"}],"wp:featuredmedia":[{"embeddable":true,"href":"https:\/\/stampcurio.com\/hu\/wp-json\/wp\/v2\/media\/10989"}],"wp:attachment":[{"href":"https:\/\/stampcurio.com\/hu\/wp-json\/wp\/v2\/media?parent=1820"}],"wp:term":[{"taxonomy":"product_brand","embeddable":true,"href":"https:\/\/stampcurio.com\/hu\/wp-json\/wp\/v2\/product_brand?post=1820"},{"taxonomy":"product_cat","embeddable":true,"href":"https:\/\/stampcurio.com\/hu\/wp-json\/wp\/v2\/product_cat?post=1820"},{"taxonomy":"product_tag","embeddable":true,"href":"https:\/\/stampcurio.com\/hu\/wp-json\/wp\/v2\/product_tag?post=1820"}],"curies":[{"name":"wp","href":"https:\/\/api.w.org\/{rel}","templated":true}]}}