{"id":1818,"date":"2023-11-09T21:37:37","date_gmt":"2023-11-09T20:37:37","guid":{"rendered":"http:\/\/stampcurio.com\/?post_type=product&#038;p=1818"},"modified":"2025-12-05T04:13:44","modified_gmt":"2025-12-05T03:13:44","slug":"1987-kastelyok-vagott-sor-valoban-futott-legiposta-fdc","status":"publish","type":"product","link":"https:\/\/stampcurio.com\/hu\/termek\/1987-kastelyok-vagott-sor-valoban-futott-legiposta-fdc\/","title":{"rendered":"1987 Kast\u00e9lyok v\u00e1gott (!) sor val\u00f3ban futott l\u00e9giposta FDC"},"content":{"rendered":"","protected":false},"excerpt":{"rendered":"","protected":false},"featured_media":1592,"template":"","meta":[],"product_brand":[],"product_cat":[73],"product_tag":[1044,116,100,115],"class_list":{"0":"post-1818","1":"product","2":"type-product","3":"status-publish","4":"has-post-thumbnail","6":"product_cat-magyarorszag-1st","7":"product_tag-1st-auction-hu","8":"product_tag-belyeg","9":"product_tag-fdc","10":"product_tag-legiposta","11":"pa_catalog_id-145","13":"first","14":"instock","15":"sold-individually","16":"shipping-taxable","17":"product-type-simple"},"_links":{"self":[{"href":"https:\/\/stampcurio.com\/hu\/wp-json\/wp\/v2\/product\/1818","targetHints":{"allow":["GET"]}}],"collection":[{"href":"https:\/\/stampcurio.com\/hu\/wp-json\/wp\/v2\/product"}],"about":[{"href":"https:\/\/stampcurio.com\/hu\/wp-json\/wp\/v2\/types\/product"}],"wp:featuredmedia":[{"embeddable":true,"href":"https:\/\/stampcurio.com\/hu\/wp-json\/wp\/v2\/media\/1592"}],"wp:attachment":[{"href":"https:\/\/stampcurio.com\/hu\/wp-json\/wp\/v2\/media?parent=1818"}],"wp:term":[{"taxonomy":"product_brand","embeddable":true,"href":"https:\/\/stampcurio.com\/hu\/wp-json\/wp\/v2\/product_brand?post=1818"},{"taxonomy":"product_cat","embeddable":true,"href":"https:\/\/stampcurio.com\/hu\/wp-json\/wp\/v2\/product_cat?post=1818"},{"taxonomy":"product_tag","embeddable":true,"href":"https:\/\/stampcurio.com\/hu\/wp-json\/wp\/v2\/product_tag?post=1818"}],"curies":[{"name":"wp","href":"https:\/\/api.w.org\/{rel}","templated":true}]}}