{"id":18062,"date":"2024-12-05T00:06:39","date_gmt":"2024-12-04T23:06:39","guid":{"rendered":"https:\/\/stampcurio.com\/product\/sc-24-3479\/"},"modified":"2025-12-05T04:05:27","modified_gmt":"2025-12-05T03:05:27","slug":"1882-magyarorszag-ajanlott-level-tertivevenye-25kr-dijlerovassal-malcza-belyegzessel-gudlin-100-pont","status":"publish","type":"product","link":"https:\/\/stampcurio.com\/hu\/termek\/1882-magyarorszag-ajanlott-level-tertivevenye-25kr-dijlerovassal-malcza-belyegzessel-gudlin-100-pont\/","title":{"rendered":"1882 Magyarorsz\u00e1g &#8211; aj\u00e1nlott lev\u00e9l t\u00e9rtivev\u00e9nye 2*5kr d\u00edjlerov\u00e1ssal M\u00c1LCZA b\u00e9lyegz\u00e9ssel &#8211; Gudlin 100 pont"},"content":{"rendered":"","protected":false},"excerpt":{"rendered":"","protected":false},"featured_media":18060,"template":"","meta":[],"product_brand":[],"product_cat":[1172,1189],"product_tag":[1664,116,1041,89,1337],"class_list":{"0":"post-18062","1":"product","2":"type-product","3":"status-publish","4":"has-post-thumbnail","6":"product_cat-magyarorszag","7":"product_cat-szlovakia","8":"product_tag-2nd-auction-hu","9":"product_tag-belyeg","10":"product_tag-marcophily-hu","11":"product_tag-postatortenet","12":"product_tag-tertiveveny","14":"first","15":"outofstock","16":"sold-individually","17":"shipping-taxable","18":"product-type-simple"},"_links":{"self":[{"href":"https:\/\/stampcurio.com\/hu\/wp-json\/wp\/v2\/product\/18062","targetHints":{"allow":["GET"]}}],"collection":[{"href":"https:\/\/stampcurio.com\/hu\/wp-json\/wp\/v2\/product"}],"about":[{"href":"https:\/\/stampcurio.com\/hu\/wp-json\/wp\/v2\/types\/product"}],"wp:featuredmedia":[{"embeddable":true,"href":"https:\/\/stampcurio.com\/hu\/wp-json\/wp\/v2\/media\/18060"}],"wp:attachment":[{"href":"https:\/\/stampcurio.com\/hu\/wp-json\/wp\/v2\/media?parent=18062"}],"wp:term":[{"taxonomy":"product_brand","embeddable":true,"href":"https:\/\/stampcurio.com\/hu\/wp-json\/wp\/v2\/product_brand?post=18062"},{"taxonomy":"product_cat","embeddable":true,"href":"https:\/\/stampcurio.com\/hu\/wp-json\/wp\/v2\/product_cat?post=18062"},{"taxonomy":"product_tag","embeddable":true,"href":"https:\/\/stampcurio.com\/hu\/wp-json\/wp\/v2\/product_tag?post=18062"}],"curies":[{"name":"wp","href":"https:\/\/api.w.org\/{rel}","templated":true}]}}