{"id":17644,"date":"2024-12-04T23:41:47","date_gmt":"2024-12-04T22:41:47","guid":{"rendered":"https:\/\/stampcurio.com\/product\/sc-24-3249\/"},"modified":"2025-12-05T04:05:28","modified_gmt":"2025-12-05T03:05:28","slug":"1904-hohe-rinne-postatiszta-ii-tipusu-hotelposta-belyeg","status":"publish","type":"product","link":"https:\/\/stampcurio.com\/hu\/termek\/1904-hohe-rinne-postatiszta-ii-tipusu-hotelposta-belyeg\/","title":{"rendered":"1904 Hohe Rinne &#8211; postatiszta **  II. t\u00edpus\u00fa hotelposta b\u00e9lyeg"},"content":{"rendered":"","protected":false},"excerpt":{"rendered":"","protected":false},"featured_media":17642,"template":"","meta":[],"product_brand":[],"product_cat":[1172,1208],"product_tag":[1664,116,175],"class_list":{"0":"post-17644","1":"product","2":"type-product","3":"status-publish","4":"has-post-thumbnail","6":"product_cat-magyarorszag","7":"product_cat-romania","8":"product_tag-2nd-auction-hu","9":"product_tag-belyeg","10":"product_tag-hotelposta","12":"first","13":"outofstock","14":"sold-individually","15":"shipping-taxable","16":"product-type-simple"},"_links":{"self":[{"href":"https:\/\/stampcurio.com\/hu\/wp-json\/wp\/v2\/product\/17644","targetHints":{"allow":["GET"]}}],"collection":[{"href":"https:\/\/stampcurio.com\/hu\/wp-json\/wp\/v2\/product"}],"about":[{"href":"https:\/\/stampcurio.com\/hu\/wp-json\/wp\/v2\/types\/product"}],"wp:featuredmedia":[{"embeddable":true,"href":"https:\/\/stampcurio.com\/hu\/wp-json\/wp\/v2\/media\/17642"}],"wp:attachment":[{"href":"https:\/\/stampcurio.com\/hu\/wp-json\/wp\/v2\/media?parent=17644"}],"wp:term":[{"taxonomy":"product_brand","embeddable":true,"href":"https:\/\/stampcurio.com\/hu\/wp-json\/wp\/v2\/product_brand?post=17644"},{"taxonomy":"product_cat","embeddable":true,"href":"https:\/\/stampcurio.com\/hu\/wp-json\/wp\/v2\/product_cat?post=17644"},{"taxonomy":"product_tag","embeddable":true,"href":"https:\/\/stampcurio.com\/hu\/wp-json\/wp\/v2\/product_tag?post=17644"}],"curies":[{"name":"wp","href":"https:\/\/api.w.org\/{rel}","templated":true}]}}