{"id":17629,"date":"2024-12-04T23:40:47","date_gmt":"2024-12-04T22:40:47","guid":{"rendered":"https:\/\/stampcurio.com\/product\/sc-24-3234\/"},"modified":"2025-12-05T04:05:28","modified_gmt":"2025-12-05T03:05:28","slug":"1850-ausztria-9-krajcar-szep-kivagason-kis-varda-belyegzessel-latvanyos-festekfolttal","status":"publish","type":"product","link":"https:\/\/stampcurio.com\/hu\/termek\/1850-ausztria-9-krajcar-szep-kivagason-kis-varda-belyegzessel-latvanyos-festekfolttal\/","title":{"rendered":"1850 Ausztria &#8211; 9 krajc\u00e1r sz\u00e9p kiv\u00e1g\u00e1son KIS V\u00c1RDA b\u00e9lyegz\u00e9ssel + l\u00e1tv\u00e1nyos fest\u00e9kfolttal"},"content":{"rendered":"","protected":false},"excerpt":{"rendered":"","protected":false},"featured_media":17627,"template":"","meta":[],"product_brand":[],"product_cat":[1178,1172],"product_tag":[1664,116,1041,217,1006],"class_list":{"0":"post-17629","1":"product","2":"type-product","3":"status-publish","4":"has-post-thumbnail","6":"product_cat-ausztria","7":"product_cat-magyarorszag","8":"product_tag-2nd-auction-hu","9":"product_tag-belyeg","10":"product_tag-marcophily-hu","11":"product_tag-tevnyomat","12":"product_tag-unsold","14":"first","15":"outofstock","16":"sold-individually","17":"shipping-taxable","18":"product-type-simple"},"_links":{"self":[{"href":"https:\/\/stampcurio.com\/hu\/wp-json\/wp\/v2\/product\/17629","targetHints":{"allow":["GET"]}}],"collection":[{"href":"https:\/\/stampcurio.com\/hu\/wp-json\/wp\/v2\/product"}],"about":[{"href":"https:\/\/stampcurio.com\/hu\/wp-json\/wp\/v2\/types\/product"}],"wp:featuredmedia":[{"embeddable":true,"href":"https:\/\/stampcurio.com\/hu\/wp-json\/wp\/v2\/media\/17627"}],"wp:attachment":[{"href":"https:\/\/stampcurio.com\/hu\/wp-json\/wp\/v2\/media?parent=17629"}],"wp:term":[{"taxonomy":"product_brand","embeddable":true,"href":"https:\/\/stampcurio.com\/hu\/wp-json\/wp\/v2\/product_brand?post=17629"},{"taxonomy":"product_cat","embeddable":true,"href":"https:\/\/stampcurio.com\/hu\/wp-json\/wp\/v2\/product_cat?post=17629"},{"taxonomy":"product_tag","embeddable":true,"href":"https:\/\/stampcurio.com\/hu\/wp-json\/wp\/v2\/product_tag?post=17629"}],"curies":[{"name":"wp","href":"https:\/\/api.w.org\/{rel}","templated":true}]}}