{"id":17598,"date":"2024-12-04T23:39:02","date_gmt":"2024-12-04T22:39:02","guid":{"rendered":"https:\/\/stampcurio.com\/product\/sc-24-3202\/"},"modified":"2025-12-05T04:05:28","modified_gmt":"2025-12-05T03:05:28","slug":"1861-1864-ausztria-ket-szep-theissholcz-tiszolc-lebelyegzes-gudlin-2-250-pont-muller-2-30-pont","status":"publish","type":"product","link":"https:\/\/stampcurio.com\/hu\/termek\/1861-1864-ausztria-ket-szep-theissholcz-tiszolc-lebelyegzes-gudlin-2-250-pont-muller-2-30-pont\/","title":{"rendered":"1861 \/ 1864 Ausztria &#8211; k\u00e9t sz\u00e9p THEISSHOLCZ (Tiszolc) leb\u00e9lyegz\u00e9s &#8211; Gudlin 2 * 250 pont | M\u00fcller 2 * 30 pont"},"content":{"rendered":"","protected":false},"excerpt":{"rendered":"","protected":false},"featured_media":17596,"template":"","meta":[],"product_brand":[],"product_cat":[1178,1172,1189],"product_tag":[1664,116,1041],"class_list":{"0":"post-17598","1":"product","2":"type-product","3":"status-publish","4":"has-post-thumbnail","6":"product_cat-ausztria","7":"product_cat-magyarorszag","8":"product_cat-szlovakia","9":"product_tag-2nd-auction-hu","10":"product_tag-belyeg","11":"product_tag-marcophily-hu","13":"first","14":"outofstock","15":"sold-individually","16":"shipping-taxable","17":"product-type-simple"},"_links":{"self":[{"href":"https:\/\/stampcurio.com\/hu\/wp-json\/wp\/v2\/product\/17598","targetHints":{"allow":["GET"]}}],"collection":[{"href":"https:\/\/stampcurio.com\/hu\/wp-json\/wp\/v2\/product"}],"about":[{"href":"https:\/\/stampcurio.com\/hu\/wp-json\/wp\/v2\/types\/product"}],"wp:featuredmedia":[{"embeddable":true,"href":"https:\/\/stampcurio.com\/hu\/wp-json\/wp\/v2\/media\/17596"}],"wp:attachment":[{"href":"https:\/\/stampcurio.com\/hu\/wp-json\/wp\/v2\/media?parent=17598"}],"wp:term":[{"taxonomy":"product_brand","embeddable":true,"href":"https:\/\/stampcurio.com\/hu\/wp-json\/wp\/v2\/product_brand?post=17598"},{"taxonomy":"product_cat","embeddable":true,"href":"https:\/\/stampcurio.com\/hu\/wp-json\/wp\/v2\/product_cat?post=17598"},{"taxonomy":"product_tag","embeddable":true,"href":"https:\/\/stampcurio.com\/hu\/wp-json\/wp\/v2\/product_tag?post=17598"}],"curies":[{"name":"wp","href":"https:\/\/api.w.org\/{rel}","templated":true}]}}