{"id":16997,"date":"2024-12-04T23:04:53","date_gmt":"2024-12-04T22:04:53","guid":{"rendered":"https:\/\/stampcurio.com\/product\/sc-24-2949\/"},"modified":"2025-12-05T04:05:28","modified_gmt":"2025-12-05T03:05:28","slug":"1868-mexiko-a-szam-utan-pont-nelkuli-kiadas-vagott-25c-50-eur-es-fogazott-100c-barna-papiron-600-eur","status":"publish","type":"product","link":"https:\/\/stampcurio.com\/hu\/termek\/1868-mexiko-a-szam-utan-pont-nelkuli-kiadas-vagott-25c-50-eur-es-fogazott-100c-barna-papiron-600-eur\/","title":{"rendered":"1868 Mexik\u00f3 &#8211; a sz\u00e1m ut\u00e1n pont n\u00e9lk\u00fcli kiad\u00e1s &#8211; v\u00e1gott 25c (50 EUR) \u00e9s fogazott 100C barna pap\u00edron (600 EUR)"},"content":{"rendered":"","protected":false},"excerpt":{"rendered":"","protected":false},"featured_media":16994,"template":"","meta":[],"product_brand":[],"product_cat":[1629],"product_tag":[1664,116],"class_list":{"0":"post-16997","1":"product","2":"type-product","3":"status-publish","4":"has-post-thumbnail","6":"product_cat-mexiko","7":"product_tag-2nd-auction-hu","8":"product_tag-belyeg","10":"first","11":"outofstock","12":"sold-individually","13":"shipping-taxable","14":"product-type-simple"},"_links":{"self":[{"href":"https:\/\/stampcurio.com\/hu\/wp-json\/wp\/v2\/product\/16997","targetHints":{"allow":["GET"]}}],"collection":[{"href":"https:\/\/stampcurio.com\/hu\/wp-json\/wp\/v2\/product"}],"about":[{"href":"https:\/\/stampcurio.com\/hu\/wp-json\/wp\/v2\/types\/product"}],"wp:featuredmedia":[{"embeddable":true,"href":"https:\/\/stampcurio.com\/hu\/wp-json\/wp\/v2\/media\/16994"}],"wp:attachment":[{"href":"https:\/\/stampcurio.com\/hu\/wp-json\/wp\/v2\/media?parent=16997"}],"wp:term":[{"taxonomy":"product_brand","embeddable":true,"href":"https:\/\/stampcurio.com\/hu\/wp-json\/wp\/v2\/product_brand?post=16997"},{"taxonomy":"product_cat","embeddable":true,"href":"https:\/\/stampcurio.com\/hu\/wp-json\/wp\/v2\/product_cat?post=16997"},{"taxonomy":"product_tag","embeddable":true,"href":"https:\/\/stampcurio.com\/hu\/wp-json\/wp\/v2\/product_tag?post=16997"}],"curies":[{"name":"wp","href":"https:\/\/api.w.org\/{rel}","templated":true}]}}