{"id":16719,"date":"2024-12-04T22:49:02","date_gmt":"2024-12-04T21:49:02","guid":{"rendered":"https:\/\/stampcurio.com\/product\/sc-24-2896\/"},"modified":"2025-12-05T04:05:30","modified_gmt":"2025-12-05T03:05:30","slug":"1850-ausztria-9-krajcar-ii-a-tipus-szep-veroce-belyegzessel-muller-8-pont","status":"publish","type":"product","link":"https:\/\/stampcurio.com\/hu\/termek\/1850-ausztria-9-krajcar-ii-a-tipus-szep-veroce-belyegzessel-muller-8-pont\/","title":{"rendered":"1850 Ausztria &#8211; 9 krajc\u00e1r II.a tipus sz\u00e9p VER\u00d6CE b\u00e9lyegz\u00e9ssel M\u00fcller 8 pont"},"content":{"rendered":"","protected":false},"excerpt":{"rendered":"","protected":false},"featured_media":16717,"template":"","meta":[],"product_brand":[],"product_cat":[1178,1192,1172],"product_tag":[1664,116,1041],"class_list":{"0":"post-16719","1":"product","2":"type-product","3":"status-publish","4":"has-post-thumbnail","6":"product_cat-ausztria","7":"product_cat-horvatorszag","8":"product_cat-magyarorszag","9":"product_tag-2nd-auction-hu","10":"product_tag-belyeg","11":"product_tag-marcophily-hu","13":"first","14":"outofstock","15":"sold-individually","16":"shipping-taxable","17":"product-type-simple"},"_links":{"self":[{"href":"https:\/\/stampcurio.com\/hu\/wp-json\/wp\/v2\/product\/16719","targetHints":{"allow":["GET"]}}],"collection":[{"href":"https:\/\/stampcurio.com\/hu\/wp-json\/wp\/v2\/product"}],"about":[{"href":"https:\/\/stampcurio.com\/hu\/wp-json\/wp\/v2\/types\/product"}],"wp:featuredmedia":[{"embeddable":true,"href":"https:\/\/stampcurio.com\/hu\/wp-json\/wp\/v2\/media\/16717"}],"wp:attachment":[{"href":"https:\/\/stampcurio.com\/hu\/wp-json\/wp\/v2\/media?parent=16719"}],"wp:term":[{"taxonomy":"product_brand","embeddable":true,"href":"https:\/\/stampcurio.com\/hu\/wp-json\/wp\/v2\/product_brand?post=16719"},{"taxonomy":"product_cat","embeddable":true,"href":"https:\/\/stampcurio.com\/hu\/wp-json\/wp\/v2\/product_cat?post=16719"},{"taxonomy":"product_tag","embeddable":true,"href":"https:\/\/stampcurio.com\/hu\/wp-json\/wp\/v2\/product_tag?post=16719"}],"curies":[{"name":"wp","href":"https:\/\/api.w.org\/{rel}","templated":true}]}}