{"id":16436,"date":"2024-12-04T20:40:44","date_gmt":"2024-12-04T19:40:44","guid":{"rendered":"https:\/\/stampcurio.com\/product\/sc-24-2562\/"},"modified":"2025-12-05T04:05:31","modified_gmt":"2025-12-05T03:05:31","slug":"1864-ddsg-ket-kulonfele-szallitolevel-mindketto-kek-honved-fedelzeti-belyegzovel","status":"publish","type":"product","link":"https:\/\/stampcurio.com\/hu\/termek\/1864-ddsg-ket-kulonfele-szallitolevel-mindketto-kek-honved-fedelzeti-belyegzovel\/","title":{"rendered":"1864+ DDSG &#8211; k\u00e9t k\u00fcl\u00f6nf\u00e9le sz\u00e1ll\u00edt\u00f3lev\u00e9l mindkett\u0151 k\u00e9k HONV\u00c9D fed\u00e9lzeti b\u00e9lyegz\u0151vel"},"content":{"rendered":"","protected":false},"excerpt":{"rendered":"","protected":false},"featured_media":16434,"template":"","meta":[],"product_brand":[],"product_cat":[1178,1172],"product_tag":[1664,323,1325,1385,1316],"class_list":{"0":"post-16436","1":"product","2":"type-product","3":"status-publish","4":"has-post-thumbnail","6":"product_cat-ausztria","7":"product_cat-magyarorszag","8":"product_tag-2nd-auction-hu","9":"product_tag-ddsg","10":"product_tag-hajo","11":"product_tag-hajobelyegzo","12":"product_tag-hajoposta","14":"first","15":"outofstock","16":"sold-individually","17":"shipping-taxable","18":"product-type-simple"},"_links":{"self":[{"href":"https:\/\/stampcurio.com\/hu\/wp-json\/wp\/v2\/product\/16436","targetHints":{"allow":["GET"]}}],"collection":[{"href":"https:\/\/stampcurio.com\/hu\/wp-json\/wp\/v2\/product"}],"about":[{"href":"https:\/\/stampcurio.com\/hu\/wp-json\/wp\/v2\/types\/product"}],"wp:featuredmedia":[{"embeddable":true,"href":"https:\/\/stampcurio.com\/hu\/wp-json\/wp\/v2\/media\/16434"}],"wp:attachment":[{"href":"https:\/\/stampcurio.com\/hu\/wp-json\/wp\/v2\/media?parent=16436"}],"wp:term":[{"taxonomy":"product_brand","embeddable":true,"href":"https:\/\/stampcurio.com\/hu\/wp-json\/wp\/v2\/product_brand?post=16436"},{"taxonomy":"product_cat","embeddable":true,"href":"https:\/\/stampcurio.com\/hu\/wp-json\/wp\/v2\/product_cat?post=16436"},{"taxonomy":"product_tag","embeddable":true,"href":"https:\/\/stampcurio.com\/hu\/wp-json\/wp\/v2\/product_tag?post=16436"}],"curies":[{"name":"wp","href":"https:\/\/api.w.org\/{rel}","templated":true}]}}