{"id":15652,"date":"2024-11-29T18:32:33","date_gmt":"2024-11-29T17:32:33","guid":{"rendered":"https:\/\/stampcurio.com\/product\/1945-december-tavolsagi-level-lila-marcal-gergelyi-gumibelyegzovel\/"},"modified":"2025-12-05T04:05:32","modified_gmt":"2025-12-05T03:05:32","slug":"1945-magyarorszag-decemberben-feladott-tavolsagi-level-lila-marcalgergelyi-gumibelyegzovel","status":"publish","type":"product","link":"https:\/\/stampcurio.com\/hu\/termek\/1945-magyarorszag-decemberben-feladott-tavolsagi-level-lila-marcalgergelyi-gumibelyegzovel\/","title":{"rendered":"1945 Magyarorsz\u00e1g &#8211; Decemberben feladott t\u00e1vols\u00e1gi lev\u00e9l lila MARCALGERGELYI gumib\u00e9lyegz\u0151vel"},"content":{"rendered":"","protected":false},"excerpt":{"rendered":"","protected":false},"featured_media":19515,"template":"","meta":[],"product_brand":[],"product_cat":[1172],"product_tag":[279,1664,1041,89,256,1006],"class_list":{"0":"post-15652","1":"product","2":"type-product","3":"status-publish","4":"has-post-thumbnail","6":"product_cat-magyarorszag","7":"product_tag-1944-45","8":"product_tag-2nd-auction-hu","9":"product_tag-marcophily-hu","10":"product_tag-postatortenet","11":"product_tag-provizorium","12":"product_tag-unsold","14":"first","15":"outofstock","16":"sold-individually","17":"shipping-taxable","18":"product-type-simple"},"_links":{"self":[{"href":"https:\/\/stampcurio.com\/hu\/wp-json\/wp\/v2\/product\/15652","targetHints":{"allow":["GET"]}}],"collection":[{"href":"https:\/\/stampcurio.com\/hu\/wp-json\/wp\/v2\/product"}],"about":[{"href":"https:\/\/stampcurio.com\/hu\/wp-json\/wp\/v2\/types\/product"}],"wp:featuredmedia":[{"embeddable":true,"href":"https:\/\/stampcurio.com\/hu\/wp-json\/wp\/v2\/media\/19515"}],"wp:attachment":[{"href":"https:\/\/stampcurio.com\/hu\/wp-json\/wp\/v2\/media?parent=15652"}],"wp:term":[{"taxonomy":"product_brand","embeddable":true,"href":"https:\/\/stampcurio.com\/hu\/wp-json\/wp\/v2\/product_brand?post=15652"},{"taxonomy":"product_cat","embeddable":true,"href":"https:\/\/stampcurio.com\/hu\/wp-json\/wp\/v2\/product_cat?post=15652"},{"taxonomy":"product_tag","embeddable":true,"href":"https:\/\/stampcurio.com\/hu\/wp-json\/wp\/v2\/product_tag?post=15652"}],"curies":[{"name":"wp","href":"https:\/\/api.w.org\/{rel}","templated":true}]}}