{"id":15651,"date":"2024-11-29T18:32:32","date_gmt":"2024-11-29T17:32:32","guid":{"rendered":"https:\/\/stampcurio.com\/product\/indochinese-post-china-1905-ajanlott-mongtze-nemetorzagba-1902-indokina-postage-stamps-overprinted-chine-12mm-wide-vagy-1904-indokina-postage-stamps-overprinted-chine-11%c2%bd-mm-wide-l\/"},"modified":"2025-12-05T04:05:32","modified_gmt":"2025-12-05T03:05:32","slug":"1905-kina-mongtze-ajanlott-boritek-nemetorszagba-indokinai-belyegek-chine-felulnyomassal","status":"publish","type":"product","link":"https:\/\/stampcurio.com\/hu\/termek\/1905-kina-mongtze-ajanlott-boritek-nemetorszagba-indokinai-belyegek-chine-felulnyomassal\/","title":{"rendered":"1905 K\u00edna &#8211; MONGTZE &#8211; aj\u00e1nlott bor\u00edt\u00e9k N\u00e9metorsz\u00e1gba, indok\u00ednai b\u00e9lyegek &#8220;CHINE&#8221; fel\u00fclnyom\u00e1ssal"},"content":{"rendered":"","protected":false},"excerpt":{"rendered":"","protected":false},"featured_media":19459,"template":"","meta":[],"product_brand":[],"product_cat":[1181,1247,1175],"product_tag":[1664,116,1041,89],"class_list":{"0":"post-15651","1":"product","2":"type-product","3":"status-publish","4":"has-post-thumbnail","6":"product_cat-franciaorszag","7":"product_cat-kina","8":"product_cat-nemetorszag","9":"product_tag-2nd-auction-hu","10":"product_tag-belyeg","11":"product_tag-marcophily-hu","12":"product_tag-postatortenet","14":"first","15":"outofstock","16":"sold-individually","17":"shipping-taxable","18":"product-type-simple"},"_links":{"self":[{"href":"https:\/\/stampcurio.com\/hu\/wp-json\/wp\/v2\/product\/15651","targetHints":{"allow":["GET"]}}],"collection":[{"href":"https:\/\/stampcurio.com\/hu\/wp-json\/wp\/v2\/product"}],"about":[{"href":"https:\/\/stampcurio.com\/hu\/wp-json\/wp\/v2\/types\/product"}],"wp:featuredmedia":[{"embeddable":true,"href":"https:\/\/stampcurio.com\/hu\/wp-json\/wp\/v2\/media\/19459"}],"wp:attachment":[{"href":"https:\/\/stampcurio.com\/hu\/wp-json\/wp\/v2\/media?parent=15651"}],"wp:term":[{"taxonomy":"product_brand","embeddable":true,"href":"https:\/\/stampcurio.com\/hu\/wp-json\/wp\/v2\/product_brand?post=15651"},{"taxonomy":"product_cat","embeddable":true,"href":"https:\/\/stampcurio.com\/hu\/wp-json\/wp\/v2\/product_cat?post=15651"},{"taxonomy":"product_tag","embeddable":true,"href":"https:\/\/stampcurio.com\/hu\/wp-json\/wp\/v2\/product_tag?post=15651"}],"curies":[{"name":"wp","href":"https:\/\/api.w.org\/{rel}","templated":true}]}}