{"id":15650,"date":"2024-11-29T18:32:32","date_gmt":"2024-11-29T17:32:32","guid":{"rendered":"https:\/\/stampcurio.com\/product\/1918-german-empire-postage-stamps-surcharged-overprinted-rumanien-teljes-sor-ajanlott-boritekon-bukaerst-magyarorszag-valoban-futott-filatelita-boritek-kettos-cenzuraval\/"},"modified":"2025-12-05T04:05:32","modified_gmt":"2025-12-05T03:05:32","slug":"1918-nemetorszag-a-teljes-rumanien-felulnyomasu-sor-ajanlott-boritekon-bukarestrol-magyarorszagra-kuldve-valoban-futott-filatelista-boritek-kettos-cenzuraval","status":"publish","type":"product","link":"https:\/\/stampcurio.com\/hu\/termek\/1918-nemetorszag-a-teljes-rumanien-felulnyomasu-sor-ajanlott-boritekon-bukarestrol-magyarorszagra-kuldve-valoban-futott-filatelista-boritek-kettos-cenzuraval\/","title":{"rendered":"1918 N\u00e9metorsz\u00e1g &#8211; A  teljes &#8220;Rumanien&#8221; fel\u00fclnyom\u00e1s\u00fa sor aj\u00e1nlott bor\u00edt\u00e9kon Bukarestr\u0151l Magyarorsz\u00e1gra k\u00fcldve | val\u00f3ban futott filatelista bor\u00edt\u00e9k kett\u0151s cenz\u00far\u00e1val"},"content":{"rendered":"","protected":false},"excerpt":{"rendered":"","protected":false},"featured_media":19533,"template":"","meta":[],"product_brand":[],"product_cat":[1172,1175,1208],"product_tag":[1664,116,233,89],"class_list":{"0":"post-15650","1":"product","2":"type-product","3":"status-publish","4":"has-post-thumbnail","6":"product_cat-magyarorszag","7":"product_cat-nemetorszag","8":"product_cat-romania","9":"product_tag-2nd-auction-hu","10":"product_tag-belyeg","11":"product_tag-cenzura","12":"product_tag-postatortenet","14":"first","15":"outofstock","16":"sold-individually","17":"shipping-taxable","18":"product-type-simple"},"_links":{"self":[{"href":"https:\/\/stampcurio.com\/hu\/wp-json\/wp\/v2\/product\/15650","targetHints":{"allow":["GET"]}}],"collection":[{"href":"https:\/\/stampcurio.com\/hu\/wp-json\/wp\/v2\/product"}],"about":[{"href":"https:\/\/stampcurio.com\/hu\/wp-json\/wp\/v2\/types\/product"}],"wp:featuredmedia":[{"embeddable":true,"href":"https:\/\/stampcurio.com\/hu\/wp-json\/wp\/v2\/media\/19533"}],"wp:attachment":[{"href":"https:\/\/stampcurio.com\/hu\/wp-json\/wp\/v2\/media?parent=15650"}],"wp:term":[{"taxonomy":"product_brand","embeddable":true,"href":"https:\/\/stampcurio.com\/hu\/wp-json\/wp\/v2\/product_brand?post=15650"},{"taxonomy":"product_cat","embeddable":true,"href":"https:\/\/stampcurio.com\/hu\/wp-json\/wp\/v2\/product_cat?post=15650"},{"taxonomy":"product_tag","embeddable":true,"href":"https:\/\/stampcurio.com\/hu\/wp-json\/wp\/v2\/product_tag?post=15650"}],"curies":[{"name":"wp","href":"https:\/\/api.w.org\/{rel}","templated":true}]}}