{"id":15649,"date":"2024-11-29T18:32:32","date_gmt":"2024-11-29T17:32:32","guid":{"rendered":"https:\/\/stampcurio.com\/product\/1933-china-empire-postage-stamps-overprinted-szechwan-1933-1934-kina-empire-martyrs-issue-of-1932-overprinted\/"},"modified":"2025-12-05T04:05:32","modified_gmt":"2025-12-05T03:05:32","slug":"1934-kina-forradalom-martirjai-belyegek-szecsuan-felulnyomassal-nemetorszagba-kuldott-legiposta-levelen-magas-1-40-dollar-bermentesitessel","status":"publish","type":"product","link":"https:\/\/stampcurio.com\/hu\/termek\/1934-kina-forradalom-martirjai-belyegek-szecsuan-felulnyomassal-nemetorszagba-kuldott-legiposta-levelen-magas-1-40-dollar-bermentesitessel\/","title":{"rendered":"1934 K\u00edna &#8211; forradalom m\u00e1rt\u00edrjai b\u00e9lyegek Szecsu\u00e1n fel\u00fclnyom\u00e1ssal N\u00e9metorsz\u00e1gba k\u00fcld\u00f6tt l\u00e9giposta lev\u00e9len, magas 1.40 doll\u00e1r b\u00e9rmentes\u00edt\u00e9ssel"},"content":{"rendered":"","protected":false},"excerpt":{"rendered":"","protected":false},"featured_media":19527,"template":"","meta":[],"product_brand":[],"product_cat":[1247,1175],"product_tag":[1664,116,115,89],"class_list":{"0":"post-15649","1":"product","2":"type-product","3":"status-publish","4":"has-post-thumbnail","6":"product_cat-kina","7":"product_cat-nemetorszag","8":"product_tag-2nd-auction-hu","9":"product_tag-belyeg","10":"product_tag-legiposta","11":"product_tag-postatortenet","13":"first","14":"outofstock","15":"sold-individually","16":"shipping-taxable","17":"product-type-simple"},"_links":{"self":[{"href":"https:\/\/stampcurio.com\/hu\/wp-json\/wp\/v2\/product\/15649","targetHints":{"allow":["GET"]}}],"collection":[{"href":"https:\/\/stampcurio.com\/hu\/wp-json\/wp\/v2\/product"}],"about":[{"href":"https:\/\/stampcurio.com\/hu\/wp-json\/wp\/v2\/types\/product"}],"wp:featuredmedia":[{"embeddable":true,"href":"https:\/\/stampcurio.com\/hu\/wp-json\/wp\/v2\/media\/19527"}],"wp:attachment":[{"href":"https:\/\/stampcurio.com\/hu\/wp-json\/wp\/v2\/media?parent=15649"}],"wp:term":[{"taxonomy":"product_brand","embeddable":true,"href":"https:\/\/stampcurio.com\/hu\/wp-json\/wp\/v2\/product_brand?post=15649"},{"taxonomy":"product_cat","embeddable":true,"href":"https:\/\/stampcurio.com\/hu\/wp-json\/wp\/v2\/product_cat?post=15649"},{"taxonomy":"product_tag","embeddable":true,"href":"https:\/\/stampcurio.com\/hu\/wp-json\/wp\/v2\/product_tag?post=15649"}],"curies":[{"name":"wp","href":"https:\/\/api.w.org\/{rel}","templated":true}]}}