{"id":15648,"date":"2024-11-29T18:32:32","date_gmt":"2024-11-29T17:32:32","guid":{"rendered":"https:\/\/stampcurio.com\/product\/1928-szombatheyl-lakasugyi-illetek-sor-bizonyitvany-kiallitasi-dij-1928-betapadas\/"},"modified":"2025-12-05T04:05:32","modified_gmt":"2025-12-05T03:05:32","slug":"1928-magyarorszag-szombathely-lakasugyi-illetek-postatiszta-sor-1928-bizonyitvany-kiallitasi-dij-postatiszta-belyeg","status":"publish","type":"product","link":"https:\/\/stampcurio.com\/hu\/termek\/1928-magyarorszag-szombathely-lakasugyi-illetek-postatiszta-sor-1928-bizonyitvany-kiallitasi-dij-postatiszta-belyeg\/","title":{"rendered":"1928 Magyarorsz\u00e1g &#8211; Szombathely lak\u00e1s\u00fcgyi illet\u00e9k postatiszta ** sor + 1928 bizony\u00edtv\u00e1ny ki\u00e1ll\u00edt\u00e1si d\u00edj postatiszta * b\u00e9lyeg"},"content":{"rendered":"","protected":false},"excerpt":{"rendered":"<p>Sz\u0171cs: 43 EUR<br \/>\nA b\u00e9lyegeken betapad\u00e1s nyomok.<\/p>\n","protected":false},"featured_media":18769,"template":"","meta":[],"product_brand":[],"product_cat":[1172],"product_tag":[1664,282],"class_list":{"0":"post-15648","1":"product","2":"type-product","3":"status-publish","4":"has-post-thumbnail","6":"product_cat-magyarorszag","7":"product_tag-2nd-auction-hu","8":"product_tag-okmanybelyeg","10":"first","11":"outofstock","12":"sold-individually","13":"shipping-taxable","14":"product-type-simple"},"_links":{"self":[{"href":"https:\/\/stampcurio.com\/hu\/wp-json\/wp\/v2\/product\/15648","targetHints":{"allow":["GET"]}}],"collection":[{"href":"https:\/\/stampcurio.com\/hu\/wp-json\/wp\/v2\/product"}],"about":[{"href":"https:\/\/stampcurio.com\/hu\/wp-json\/wp\/v2\/types\/product"}],"wp:featuredmedia":[{"embeddable":true,"href":"https:\/\/stampcurio.com\/hu\/wp-json\/wp\/v2\/media\/18769"}],"wp:attachment":[{"href":"https:\/\/stampcurio.com\/hu\/wp-json\/wp\/v2\/media?parent=15648"}],"wp:term":[{"taxonomy":"product_brand","embeddable":true,"href":"https:\/\/stampcurio.com\/hu\/wp-json\/wp\/v2\/product_brand?post=15648"},{"taxonomy":"product_cat","embeddable":true,"href":"https:\/\/stampcurio.com\/hu\/wp-json\/wp\/v2\/product_cat?post=15648"},{"taxonomy":"product_tag","embeddable":true,"href":"https:\/\/stampcurio.com\/hu\/wp-json\/wp\/v2\/product_tag?post=15648"}],"curies":[{"name":"wp","href":"https:\/\/api.w.org\/{rel}","templated":true}]}}