{"id":15647,"date":"2024-11-29T18:32:31","date_gmt":"2024-11-29T17:32:31","guid":{"rendered":"https:\/\/stampcurio.com\/product\/1864-10kr-tertivevenyen-a-tertiveveny-1866-ban-lett-szirakrol-pestre-kuldve-levelhez-tartozik\/"},"modified":"2025-12-05T04:05:34","modified_gmt":"2025-12-05T03:05:34","slug":"1864-ausztria-egy-1866-ban-szirakrol-pestre-kuldott-level-tertivevenye-a-2-tavolsagi-zona-szerinti-10-kr-bermentesiessel","status":"publish","type":"product","link":"https:\/\/stampcurio.com\/hu\/termek\/1864-ausztria-egy-1866-ban-szirakrol-pestre-kuldott-level-tertivevenye-a-2-tavolsagi-zona-szerinti-10-kr-bermentesiessel\/","title":{"rendered":"1864 Ausztria &#8211; egy 1866-ban Szir\u00e1kr\u00f3l Pestre k\u00fcld\u00f6tt lev\u00e9l t\u00e9rtivev\u00e9nye &#8211; a 2. t\u00e1vols\u00e1gi z\u00f3na szerinti 10 kr b\u00e9rmentes\u00ed\u00e9ssel"},"content":{"rendered":"","protected":false},"excerpt":{"rendered":"<p>A t\u00e9rtivev\u00e9ny d\u00edja 10 kr, mely a kor szok\u00e1s\u00e1nak megfelel\u0151en mag\u00e1n a t\u00e9rtivev\u00e9nyen ker\u00fclt megfizet\u00e9sre. A vev\u00e9nyen l\u00e1that\u00f3 b\u00e9lyegsarok a lev\u00e9lr\u0151l val\u00f3 elv\u00e1laszt\u00e1skor szakadt el, nem jelent hi\u00e1nyt a t\u00e9rtivev\u00e9ny szempontj\u00e1b\u00f3l.<\/p>\n","protected":false},"featured_media":24001,"template":"","meta":[],"product_brand":[],"product_cat":[1178,1172],"product_tag":[1664,116,1041,89,1631,1337,1006],"class_list":{"0":"post-15647","1":"product","2":"type-product","3":"status-publish","4":"has-post-thumbnail","6":"product_cat-ausztria","7":"product_cat-magyarorszag","8":"product_tag-2nd-auction-hu","9":"product_tag-belyeg","10":"product_tag-marcophily-hu","11":"product_tag-postatortenet","12":"product_tag-pre-upu","13":"product_tag-tertiveveny","14":"product_tag-unsold","16":"first","17":"outofstock","18":"sold-individually","19":"shipping-taxable","20":"product-type-simple"},"_links":{"self":[{"href":"https:\/\/stampcurio.com\/hu\/wp-json\/wp\/v2\/product\/15647","targetHints":{"allow":["GET"]}}],"collection":[{"href":"https:\/\/stampcurio.com\/hu\/wp-json\/wp\/v2\/product"}],"about":[{"href":"https:\/\/stampcurio.com\/hu\/wp-json\/wp\/v2\/types\/product"}],"wp:featuredmedia":[{"embeddable":true,"href":"https:\/\/stampcurio.com\/hu\/wp-json\/wp\/v2\/media\/24001"}],"wp:attachment":[{"href":"https:\/\/stampcurio.com\/hu\/wp-json\/wp\/v2\/media?parent=15647"}],"wp:term":[{"taxonomy":"product_brand","embeddable":true,"href":"https:\/\/stampcurio.com\/hu\/wp-json\/wp\/v2\/product_brand?post=15647"},{"taxonomy":"product_cat","embeddable":true,"href":"https:\/\/stampcurio.com\/hu\/wp-json\/wp\/v2\/product_cat?post=15647"},{"taxonomy":"product_tag","embeddable":true,"href":"https:\/\/stampcurio.com\/hu\/wp-json\/wp\/v2\/product_tag?post=15647"}],"curies":[{"name":"wp","href":"https:\/\/api.w.org\/{rel}","templated":true}]}}