{"id":15646,"date":"2024-11-29T18:32:31","date_gmt":"2024-11-29T17:32:31","guid":{"rendered":"https:\/\/stampcurio.com\/product\/1919-becsbol-kuldott-szallitolevel-utalvanylapja-karlovacba-1919-februar-7-en-befizeve-provizorikus-zita-40f-belyeggel-magyar-piros-tollas-feliras-1921-oktober-20-visa-pour-date-postai-feljegyzesse\/"},"modified":"2025-12-05T04:05:33","modified_gmt":"2025-12-05T03:05:33","slug":"1919-shs-becsbol-kuldott-szallitolevel-utalvanylapja-karlovacba-1919-februar-7-en-befizetve-az-utalvany-dij-provizorikus-zita-40f-belyeggel-megfizetve-1921-oktober-20-i-piros-tollas-visa-pour","status":"publish","type":"product","link":"https:\/\/stampcurio.com\/hu\/termek\/1919-shs-becsbol-kuldott-szallitolevel-utalvanylapja-karlovacba-1919-februar-7-en-befizetve-az-utalvany-dij-provizorikus-zita-40f-belyeggel-megfizetve-1921-oktober-20-i-piros-tollas-visa-pour\/","title":{"rendered":"1919 SHS &#8211; B\u00e9csb\u0151l k\u00fcld\u00f6tt sz\u00e1ll\u00edt\u00f3lev\u00e9l utalv\u00e1nylapja Karlovacba &#8211; 1919. febru\u00e1r 7-\u00e9n befizetve, az utalv\u00e1ny d\u00edj proviz\u00f3rikus Zita 40f b\u00e9lyeggel megfizetve. 1921. okt\u00f3ber 20-i piros tollas &#8220;visa pour date&#8221; postai feljegyz\u00e9ssel"},"content":{"rendered":"","protected":false},"excerpt":{"rendered":"","protected":false},"featured_media":19537,"template":"","meta":[],"product_brand":[],"product_cat":[1178,1222,1192,1172,1245,1236],"product_tag":[1664,89,157],"class_list":{"0":"post-15646","1":"product","2":"type-product","3":"status-publish","4":"has-post-thumbnail","6":"product_cat-ausztria","7":"product_cat-bosznia-hercegovina","8":"product_cat-horvatorszag","9":"product_cat-magyarorszag","10":"product_cat-szerbia","11":"product_cat-szlovenia","12":"product_tag-2nd-auction-hu","13":"product_tag-postatortenet","14":"product_tag-szallitolevel","16":"first","17":"outofstock","18":"sold-individually","19":"shipping-taxable","20":"product-type-simple"},"_links":{"self":[{"href":"https:\/\/stampcurio.com\/hu\/wp-json\/wp\/v2\/product\/15646","targetHints":{"allow":["GET"]}}],"collection":[{"href":"https:\/\/stampcurio.com\/hu\/wp-json\/wp\/v2\/product"}],"about":[{"href":"https:\/\/stampcurio.com\/hu\/wp-json\/wp\/v2\/types\/product"}],"wp:featuredmedia":[{"embeddable":true,"href":"https:\/\/stampcurio.com\/hu\/wp-json\/wp\/v2\/media\/19537"}],"wp:attachment":[{"href":"https:\/\/stampcurio.com\/hu\/wp-json\/wp\/v2\/media?parent=15646"}],"wp:term":[{"taxonomy":"product_brand","embeddable":true,"href":"https:\/\/stampcurio.com\/hu\/wp-json\/wp\/v2\/product_brand?post=15646"},{"taxonomy":"product_cat","embeddable":true,"href":"https:\/\/stampcurio.com\/hu\/wp-json\/wp\/v2\/product_cat?post=15646"},{"taxonomy":"product_tag","embeddable":true,"href":"https:\/\/stampcurio.com\/hu\/wp-json\/wp\/v2\/product_tag?post=15646"}],"curies":[{"name":"wp","href":"https:\/\/api.w.org\/{rel}","templated":true}]}}