{"id":15645,"date":"2024-11-29T18:32:31","date_gmt":"2024-11-29T17:32:31","guid":{"rendered":"https:\/\/stampcurio.com\/product\/1972-1-ft-salgotarjan-tajak-varosok-sorozat-komplett-postatiszta-iv-specimen-felulnyomassal-kezi-a-kor-szokasanak-megfeleloen\/"},"modified":"2025-12-05T04:05:33","modified_gmt":"2025-12-05T03:05:33","slug":"1972-magyarorszag-1-ft-salgotarjan-tajak-varosok-sorozat-komplett-postatiszta-iv-kezi-specimen-felulnyomassal-a-kor-szokasanak-megfeleloen-az-ivszelen-lithos-nyomdajelzessel","status":"publish","type":"product","link":"https:\/\/stampcurio.com\/hu\/termek\/1972-magyarorszag-1-ft-salgotarjan-tajak-varosok-sorozat-komplett-postatiszta-iv-kezi-specimen-felulnyomassal-a-kor-szokasanak-megfeleloen-az-ivszelen-lithos-nyomdajelzessel\/","title":{"rendered":"1972 Magyarorsz\u00e1g 1 Ft Salg\u00f3tarj\u00e1n \u2013 T\u00e1jak, v\u00e1rosok sorozat komplett postatiszta ** \u00edv k\u00e9zi specimen fel\u00fclnyom\u00e1ssal a kor szok\u00e1s\u00e1nak megfelel\u0151en &#8211;   Az \u00edvsz\u00e9len lithos nyomdajelz\u00e9ssel"},"content":{"rendered":"","protected":false},"excerpt":{"rendered":"<p>Az \u00edvsz\u00e9len lithos nyomdajelz\u00e9ssel<\/p>\n","protected":false},"featured_media":19661,"template":"","meta":[],"product_brand":[],"product_cat":[1172],"product_tag":[1664,116,1292,1294,1006],"class_list":{"0":"post-15645","1":"product","2":"type-product","3":"status-publish","4":"has-post-thumbnail","6":"product_cat-magyarorszag","7":"product_tag-2nd-auction-hu","8":"product_tag-belyeg","9":"product_tag-felulnyomas","10":"product_tag-specimen","11":"product_tag-unsold","13":"first","14":"outofstock","15":"sold-individually","16":"shipping-taxable","17":"product-type-simple"},"_links":{"self":[{"href":"https:\/\/stampcurio.com\/hu\/wp-json\/wp\/v2\/product\/15645","targetHints":{"allow":["GET"]}}],"collection":[{"href":"https:\/\/stampcurio.com\/hu\/wp-json\/wp\/v2\/product"}],"about":[{"href":"https:\/\/stampcurio.com\/hu\/wp-json\/wp\/v2\/types\/product"}],"wp:featuredmedia":[{"embeddable":true,"href":"https:\/\/stampcurio.com\/hu\/wp-json\/wp\/v2\/media\/19661"}],"wp:attachment":[{"href":"https:\/\/stampcurio.com\/hu\/wp-json\/wp\/v2\/media?parent=15645"}],"wp:term":[{"taxonomy":"product_brand","embeddable":true,"href":"https:\/\/stampcurio.com\/hu\/wp-json\/wp\/v2\/product_brand?post=15645"},{"taxonomy":"product_cat","embeddable":true,"href":"https:\/\/stampcurio.com\/hu\/wp-json\/wp\/v2\/product_cat?post=15645"},{"taxonomy":"product_tag","embeddable":true,"href":"https:\/\/stampcurio.com\/hu\/wp-json\/wp\/v2\/product_tag?post=15645"}],"curies":[{"name":"wp","href":"https:\/\/api.w.org\/{rel}","templated":true}]}}