{"id":15644,"date":"2024-11-29T18:32:30","date_gmt":"2024-11-29T17:32:30","guid":{"rendered":"https:\/\/stampcurio.com\/product\/1895-china-chinkiang-official-cover-to-shanghai-with-service-6-cents-stamp\/"},"modified":"2025-12-05T04:05:34","modified_gmt":"2025-12-05T03:05:34","slug":"1895-kina-chinkiang-hivatalos-level-shanghai-ba-kuldve-6-cent-service-belyeggel","status":"publish","type":"product","link":"https:\/\/stampcurio.com\/hu\/termek\/1895-kina-chinkiang-hivatalos-level-shanghai-ba-kuldve-6-cent-service-belyeggel\/","title":{"rendered":"1895 K\u00edna Chinkiang hivatalos lev\u00e9l Shanghai-ba k\u00fcldve 6 cent SERVICE b\u00e9lyeggel"},"content":{"rendered":"","protected":false},"excerpt":{"rendered":"","protected":false},"featured_media":19423,"template":"","meta":[],"product_brand":[],"product_cat":[1247],"product_tag":[1664,1295,89],"class_list":{"0":"post-15644","1":"product","2":"type-product","3":"status-publish","4":"has-post-thumbnail","6":"product_cat-kina","7":"product_tag-2nd-auction-hu","8":"product_tag-hivatalos","9":"product_tag-postatortenet","11":"first","12":"outofstock","13":"sold-individually","14":"shipping-taxable","15":"product-type-simple"},"_links":{"self":[{"href":"https:\/\/stampcurio.com\/hu\/wp-json\/wp\/v2\/product\/15644","targetHints":{"allow":["GET"]}}],"collection":[{"href":"https:\/\/stampcurio.com\/hu\/wp-json\/wp\/v2\/product"}],"about":[{"href":"https:\/\/stampcurio.com\/hu\/wp-json\/wp\/v2\/types\/product"}],"wp:featuredmedia":[{"embeddable":true,"href":"https:\/\/stampcurio.com\/hu\/wp-json\/wp\/v2\/media\/19423"}],"wp:attachment":[{"href":"https:\/\/stampcurio.com\/hu\/wp-json\/wp\/v2\/media?parent=15644"}],"wp:term":[{"taxonomy":"product_brand","embeddable":true,"href":"https:\/\/stampcurio.com\/hu\/wp-json\/wp\/v2\/product_brand?post=15644"},{"taxonomy":"product_cat","embeddable":true,"href":"https:\/\/stampcurio.com\/hu\/wp-json\/wp\/v2\/product_cat?post=15644"},{"taxonomy":"product_tag","embeddable":true,"href":"https:\/\/stampcurio.com\/hu\/wp-json\/wp\/v2\/product_tag?post=15644"}],"curies":[{"name":"wp","href":"https:\/\/api.w.org\/{rel}","templated":true}]}}