{"id":15643,"date":"2024-11-29T18:32:30","date_gmt":"2024-11-29T17:32:30","guid":{"rendered":"https:\/\/stampcurio.com\/product\/1852-1864-netherlands-first-issues-in-nice-quality-stampworld-120-154-eur-a-ket-fogazott-5c-t-meg-be-kell-vizsgalnom-hogy-okesak-e-start-40-eur\/"},"modified":"2025-12-05T04:05:34","modified_gmt":"2025-12-05T03:05:34","slug":"1852-1864-hollandia-elso-belyeg-kiadasai-szep-minosegben-stampworld-274-eur","status":"publish","type":"product","link":"https:\/\/stampcurio.com\/hu\/termek\/1852-1864-hollandia-elso-belyeg-kiadasai-szep-minosegben-stampworld-274-eur\/","title":{"rendered":"1852 &#8211; 1864 Hollandia els\u0151 b\u00e9lyeg kiad\u00e1sai sz\u00e9p min\u0151s\u00e9gben &#8211; Stampworld: 274 EUR"},"content":{"rendered":"","protected":false},"excerpt":{"rendered":"","protected":false},"featured_media":18936,"template":"","meta":[],"product_brand":[],"product_cat":[1259],"product_tag":[1664,116],"class_list":{"0":"post-15643","1":"product","2":"type-product","3":"status-publish","4":"has-post-thumbnail","6":"product_cat-hollandia","7":"product_tag-2nd-auction-hu","8":"product_tag-belyeg","10":"first","11":"outofstock","12":"sold-individually","13":"shipping-taxable","14":"product-type-simple"},"_links":{"self":[{"href":"https:\/\/stampcurio.com\/hu\/wp-json\/wp\/v2\/product\/15643","targetHints":{"allow":["GET"]}}],"collection":[{"href":"https:\/\/stampcurio.com\/hu\/wp-json\/wp\/v2\/product"}],"about":[{"href":"https:\/\/stampcurio.com\/hu\/wp-json\/wp\/v2\/types\/product"}],"wp:featuredmedia":[{"embeddable":true,"href":"https:\/\/stampcurio.com\/hu\/wp-json\/wp\/v2\/media\/18936"}],"wp:attachment":[{"href":"https:\/\/stampcurio.com\/hu\/wp-json\/wp\/v2\/media?parent=15643"}],"wp:term":[{"taxonomy":"product_brand","embeddable":true,"href":"https:\/\/stampcurio.com\/hu\/wp-json\/wp\/v2\/product_brand?post=15643"},{"taxonomy":"product_cat","embeddable":true,"href":"https:\/\/stampcurio.com\/hu\/wp-json\/wp\/v2\/product_cat?post=15643"},{"taxonomy":"product_tag","embeddable":true,"href":"https:\/\/stampcurio.com\/hu\/wp-json\/wp\/v2\/product_tag?post=15643"}],"curies":[{"name":"wp","href":"https:\/\/api.w.org\/{rel}","templated":true}]}}