{"id":15641,"date":"2024-11-29T18:32:29","date_gmt":"2024-11-29T17:32:29","guid":{"rendered":"https:\/\/stampcurio.com\/product\/xxx-hangard-a-burger-bpp-pruffel\/"},"modified":"2025-12-05T04:05:35","modified_gmt":"2025-12-05T03:05:35","slug":"1920-saar-videk-nemetorszag-40-pfenning-belyeg-tavbeszelojegyen-hangard-belyegzessel-pruf-a-burger-bpp","status":"publish","type":"product","link":"https:\/\/stampcurio.com\/hu\/termek\/1920-saar-videk-nemetorszag-40-pfenning-belyeg-tavbeszelojegyen-hangard-belyegzessel-pruf-a-burger-bpp\/","title":{"rendered":"1920 Saar-vid\u00e9k \/ N\u00e9metorsz\u00e1g &#8211; 40 pfenning b\u00e9lyeg t\u00e1vbesz\u00e9l\u0151jegyen HANGARD b\u00e9lyegz\u00e9ssel &#8211; pr\u00fcf:  A. Burger, BPP"},"content":{"rendered":"","protected":false},"excerpt":{"rendered":"","protected":false},"featured_media":19551,"template":"","meta":[],"product_brand":[],"product_cat":[1175],"product_tag":[1664,116,89],"class_list":{"0":"post-15641","1":"product","2":"type-product","3":"status-publish","4":"has-post-thumbnail","6":"product_cat-nemetorszag","7":"product_tag-2nd-auction-hu","8":"product_tag-belyeg","9":"product_tag-postatortenet","11":"first","12":"outofstock","13":"sold-individually","14":"shipping-taxable","15":"product-type-simple"},"_links":{"self":[{"href":"https:\/\/stampcurio.com\/hu\/wp-json\/wp\/v2\/product\/15641","targetHints":{"allow":["GET"]}}],"collection":[{"href":"https:\/\/stampcurio.com\/hu\/wp-json\/wp\/v2\/product"}],"about":[{"href":"https:\/\/stampcurio.com\/hu\/wp-json\/wp\/v2\/types\/product"}],"wp:featuredmedia":[{"embeddable":true,"href":"https:\/\/stampcurio.com\/hu\/wp-json\/wp\/v2\/media\/19551"}],"wp:attachment":[{"href":"https:\/\/stampcurio.com\/hu\/wp-json\/wp\/v2\/media?parent=15641"}],"wp:term":[{"taxonomy":"product_brand","embeddable":true,"href":"https:\/\/stampcurio.com\/hu\/wp-json\/wp\/v2\/product_brand?post=15641"},{"taxonomy":"product_cat","embeddable":true,"href":"https:\/\/stampcurio.com\/hu\/wp-json\/wp\/v2\/product_cat?post=15641"},{"taxonomy":"product_tag","embeddable":true,"href":"https:\/\/stampcurio.com\/hu\/wp-json\/wp\/v2\/product_tag?post=15641"}],"curies":[{"name":"wp","href":"https:\/\/api.w.org\/{rel}","templated":true}]}}