{"id":15640,"date":"2024-11-29T18:32:29","date_gmt":"2024-11-29T17:32:29","guid":{"rendered":"https:\/\/stampcurio.com\/product\/1858-kek-hirlapbelyeg-tlejse-ujsagon-ausztria-szep-szelekkel-agramer-zeitung-eszek-belyegzessel-ferch-1600-eur\/"},"modified":"2025-12-05T04:05:35","modified_gmt":"2025-12-05T03:05:35","slug":"1858-ausztria-kek-hirlapbelyeg-szep-szelekkel-teljes-ujsagon-agramer-zeitung-eszek-belyegzessel-ferchenbauer-1600-eur","status":"publish","type":"product","link":"https:\/\/stampcurio.com\/hu\/termek\/1858-ausztria-kek-hirlapbelyeg-szep-szelekkel-teljes-ujsagon-agramer-zeitung-eszek-belyegzessel-ferchenbauer-1600-eur\/","title":{"rendered":"1858 Ausztria &#8211; k\u00e9k h\u00edrlapb\u00e9lyeg sz\u00e9p sz\u00e9lekkel teljes \u00fajs\u00e1gon (Agramer Zeitung) ESZ\u00c9K b\u00e9lyegz\u00e9ssel | Ferchenbauer: 1600 EUR"},"content":{"rendered":"","protected":false},"excerpt":{"rendered":"","protected":false},"featured_media":19541,"template":"","meta":[],"product_brand":[],"product_cat":[1178,1192,1172],"product_tag":[1664,116,1296,176,89,1631,1006],"class_list":{"0":"post-15640","1":"product","2":"type-product","3":"status-publish","4":"has-post-thumbnail","6":"product_cat-ausztria","7":"product_cat-horvatorszag","8":"product_cat-magyarorszag","9":"product_tag-2nd-auction-hu","10":"product_tag-belyeg","11":"product_tag-hirlapbelyeg","12":"product_tag-philagem","13":"product_tag-postatortenet","14":"product_tag-pre-upu","15":"product_tag-unsold","17":"first","18":"outofstock","19":"sold-individually","20":"shipping-taxable","21":"product-type-simple"},"_links":{"self":[{"href":"https:\/\/stampcurio.com\/hu\/wp-json\/wp\/v2\/product\/15640","targetHints":{"allow":["GET"]}}],"collection":[{"href":"https:\/\/stampcurio.com\/hu\/wp-json\/wp\/v2\/product"}],"about":[{"href":"https:\/\/stampcurio.com\/hu\/wp-json\/wp\/v2\/types\/product"}],"wp:featuredmedia":[{"embeddable":true,"href":"https:\/\/stampcurio.com\/hu\/wp-json\/wp\/v2\/media\/19541"}],"wp:attachment":[{"href":"https:\/\/stampcurio.com\/hu\/wp-json\/wp\/v2\/media?parent=15640"}],"wp:term":[{"taxonomy":"product_brand","embeddable":true,"href":"https:\/\/stampcurio.com\/hu\/wp-json\/wp\/v2\/product_brand?post=15640"},{"taxonomy":"product_cat","embeddable":true,"href":"https:\/\/stampcurio.com\/hu\/wp-json\/wp\/v2\/product_cat?post=15640"},{"taxonomy":"product_tag","embeddable":true,"href":"https:\/\/stampcurio.com\/hu\/wp-json\/wp\/v2\/product_tag?post=15640"}],"curies":[{"name":"wp","href":"https:\/\/api.w.org\/{rel}","templated":true}]}}