{"id":15637,"date":"2024-11-29T18:32:26","date_gmt":"2024-11-29T17:32:26","guid":{"rendered":"https:\/\/stampcurio.com\/product\/1888-annam-and-tonkin-french-colonies-1c-4c-used-with-ha-noi-postmark-stampworld-30-eur\/"},"modified":"2025-12-05T04:05:36","modified_gmt":"2025-12-05T03:05:36","slug":"1888-annam-tonkin-francia-gyarmat-1c-4c-belyegek-ha-noi-belyegzessel-stampworld-30-eur","status":"publish","type":"product","link":"https:\/\/stampcurio.com\/hu\/termek\/1888-annam-tonkin-francia-gyarmat-1c-4c-belyegek-ha-noi-belyegzessel-stampworld-30-eur\/","title":{"rendered":"1888 Annam &amp; Tonkin (Francia gyarmat) &#8211; 1C \/ 4C b\u00e9lyegek HA-NOI b\u00e9lyegz\u00e9ssel | Stampworld: 30 EUR"},"content":{"rendered":"","protected":false},"excerpt":{"rendered":"","protected":false},"featured_media":23868,"template":"","meta":[],"product_brand":[],"product_cat":[1181,1212],"product_tag":[1664,116],"class_list":{"0":"post-15637","1":"product","2":"type-product","3":"status-publish","4":"has-post-thumbnail","6":"product_cat-franciaorszag","7":"product_cat-vietnam","8":"product_tag-2nd-auction-hu","9":"product_tag-belyeg","11":"first","12":"outofstock","13":"sold-individually","14":"shipping-taxable","15":"product-type-simple"},"_links":{"self":[{"href":"https:\/\/stampcurio.com\/hu\/wp-json\/wp\/v2\/product\/15637","targetHints":{"allow":["GET"]}}],"collection":[{"href":"https:\/\/stampcurio.com\/hu\/wp-json\/wp\/v2\/product"}],"about":[{"href":"https:\/\/stampcurio.com\/hu\/wp-json\/wp\/v2\/types\/product"}],"wp:featuredmedia":[{"embeddable":true,"href":"https:\/\/stampcurio.com\/hu\/wp-json\/wp\/v2\/media\/23868"}],"wp:attachment":[{"href":"https:\/\/stampcurio.com\/hu\/wp-json\/wp\/v2\/media?parent=15637"}],"wp:term":[{"taxonomy":"product_brand","embeddable":true,"href":"https:\/\/stampcurio.com\/hu\/wp-json\/wp\/v2\/product_brand?post=15637"},{"taxonomy":"product_cat","embeddable":true,"href":"https:\/\/stampcurio.com\/hu\/wp-json\/wp\/v2\/product_cat?post=15637"},{"taxonomy":"product_tag","embeddable":true,"href":"https:\/\/stampcurio.com\/hu\/wp-json\/wp\/v2\/product_tag?post=15637"}],"curies":[{"name":"wp","href":"https:\/\/api.w.org\/{rel}","templated":true}]}}