{"id":15636,"date":"2024-11-29T18:32:26","date_gmt":"2024-11-29T17:32:26","guid":{"rendered":"https:\/\/stampcurio.com\/product\/1862-olaszorszag-milanobol-londonba-kuldott-level-underpaid-angol-postage-due\/"},"modified":"2025-12-05T04:05:35","modified_gmt":"2025-12-05T03:05:35","slug":"1862-olaszorszag-milanobol-angliaba-kuldott-level-alulbermentesitve-angliaban-portozva","status":"publish","type":"product","link":"https:\/\/stampcurio.com\/hu\/termek\/1862-olaszorszag-milanobol-angliaba-kuldott-level-alulbermentesitve-angliaban-portozva\/","title":{"rendered":"1862 Olaszorsz\u00e1g &#8211; Mil\u00e1n\u00f3b\u00f3l Angli\u00e1ba k\u00fcld\u00f6tt lev\u00e9l alulb\u00e9rmentes\u00edtve, angli\u00e1ban port\u00f3zva"},"content":{"rendered":"","protected":false},"excerpt":{"rendered":"","protected":false},"featured_media":19433,"template":"","meta":[],"product_brand":[],"product_cat":[1186,1183],"product_tag":[1664,116,108,89,1631],"class_list":{"0":"post-15636","1":"product","2":"type-product","3":"status-publish","4":"has-post-thumbnail","6":"product_cat-brit-birodalom","7":"product_cat-olaszorszag","8":"product_tag-2nd-auction-hu","9":"product_tag-belyeg","10":"product_tag-porto","11":"product_tag-postatortenet","12":"product_tag-pre-upu","14":"first","15":"outofstock","16":"sold-individually","17":"shipping-taxable","18":"product-type-simple"},"_links":{"self":[{"href":"https:\/\/stampcurio.com\/hu\/wp-json\/wp\/v2\/product\/15636","targetHints":{"allow":["GET"]}}],"collection":[{"href":"https:\/\/stampcurio.com\/hu\/wp-json\/wp\/v2\/product"}],"about":[{"href":"https:\/\/stampcurio.com\/hu\/wp-json\/wp\/v2\/types\/product"}],"wp:featuredmedia":[{"embeddable":true,"href":"https:\/\/stampcurio.com\/hu\/wp-json\/wp\/v2\/media\/19433"}],"wp:attachment":[{"href":"https:\/\/stampcurio.com\/hu\/wp-json\/wp\/v2\/media?parent=15636"}],"wp:term":[{"taxonomy":"product_brand","embeddable":true,"href":"https:\/\/stampcurio.com\/hu\/wp-json\/wp\/v2\/product_brand?post=15636"},{"taxonomy":"product_cat","embeddable":true,"href":"https:\/\/stampcurio.com\/hu\/wp-json\/wp\/v2\/product_cat?post=15636"},{"taxonomy":"product_tag","embeddable":true,"href":"https:\/\/stampcurio.com\/hu\/wp-json\/wp\/v2\/product_tag?post=15636"}],"curies":[{"name":"wp","href":"https:\/\/api.w.org\/{rel}","templated":true}]}}