{"id":15635,"date":"2024-11-29T18:32:25","date_gmt":"2024-11-29T17:32:25","guid":{"rendered":"https:\/\/stampcurio.com\/product\/tuscany-1851-hat-grazia-watermark-2-cat-125-eur\/"},"modified":"2025-12-05T04:05:37","modified_gmt":"2025-12-05T03:05:37","slug":"1857-olaszorszag-toszkana-6-crazie-vizjeles-belyeg-125-eur","status":"publish","type":"product","link":"https:\/\/stampcurio.com\/hu\/termek\/1857-olaszorszag-toszkana-6-crazie-vizjeles-belyeg-125-eur\/","title":{"rendered":"1857 Olaszorsz\u00e1g &#8211; Toszk\u00e1na &#8211; 6 Crazie v\u00edzjeles b\u00e9lyeg | 125 EUR"},"content":{"rendered":"","protected":false},"excerpt":{"rendered":"","protected":false},"featured_media":19008,"template":"","meta":[],"product_brand":[],"product_cat":[1183],"product_tag":[1664,116],"class_list":{"0":"post-15635","1":"product","2":"type-product","3":"status-publish","4":"has-post-thumbnail","6":"product_cat-olaszorszag","7":"product_tag-2nd-auction-hu","8":"product_tag-belyeg","10":"first","11":"outofstock","12":"sold-individually","13":"shipping-taxable","14":"product-type-simple"},"_links":{"self":[{"href":"https:\/\/stampcurio.com\/hu\/wp-json\/wp\/v2\/product\/15635","targetHints":{"allow":["GET"]}}],"collection":[{"href":"https:\/\/stampcurio.com\/hu\/wp-json\/wp\/v2\/product"}],"about":[{"href":"https:\/\/stampcurio.com\/hu\/wp-json\/wp\/v2\/types\/product"}],"wp:featuredmedia":[{"embeddable":true,"href":"https:\/\/stampcurio.com\/hu\/wp-json\/wp\/v2\/media\/19008"}],"wp:attachment":[{"href":"https:\/\/stampcurio.com\/hu\/wp-json\/wp\/v2\/media?parent=15635"}],"wp:term":[{"taxonomy":"product_brand","embeddable":true,"href":"https:\/\/stampcurio.com\/hu\/wp-json\/wp\/v2\/product_brand?post=15635"},{"taxonomy":"product_cat","embeddable":true,"href":"https:\/\/stampcurio.com\/hu\/wp-json\/wp\/v2\/product_cat?post=15635"},{"taxonomy":"product_tag","embeddable":true,"href":"https:\/\/stampcurio.com\/hu\/wp-json\/wp\/v2\/product_tag?post=15635"}],"curies":[{"name":"wp","href":"https:\/\/api.w.org\/{rel}","templated":true}]}}