{"id":15634,"date":"2024-11-29T18:32:25","date_gmt":"2024-11-29T17:32:25","guid":{"rendered":"https:\/\/stampcurio.com\/product\/1859-romagna-4-bai-used-bologna-postmark-125-eur-katar-stampworld-signed-on-the-back\/"},"modified":"2025-12-05T04:05:37","modified_gmt":"2025-12-05T03:05:37","slug":"1859-olaszorszag-romagna-4-bai-belyeg-bologna-belyegzessel-stampworld-125-eur-hatoldalan-szignalva","status":"publish","type":"product","link":"https:\/\/stampcurio.com\/hu\/termek\/1859-olaszorszag-romagna-4-bai-belyeg-bologna-belyegzessel-stampworld-125-eur-hatoldalan-szignalva\/","title":{"rendered":"1859 Olaszorsz\u00e1g Romagna 4 bai b\u00e9lyeg Bologna b\u00e9lyegz\u00e9ssel | Stampworld: 125 EUR, h\u00e1toldal\u00e1n szign\u00e1lva"},"content":{"rendered":"","protected":false},"excerpt":{"rendered":"","protected":false},"featured_media":18773,"template":"","meta":[],"product_brand":[],"product_cat":[1183],"product_tag":[1664,116],"class_list":{"0":"post-15634","1":"product","2":"type-product","3":"status-publish","4":"has-post-thumbnail","6":"product_cat-olaszorszag","7":"product_tag-2nd-auction-hu","8":"product_tag-belyeg","10":"first","11":"outofstock","12":"sold-individually","13":"shipping-taxable","14":"product-type-simple"},"_links":{"self":[{"href":"https:\/\/stampcurio.com\/hu\/wp-json\/wp\/v2\/product\/15634","targetHints":{"allow":["GET"]}}],"collection":[{"href":"https:\/\/stampcurio.com\/hu\/wp-json\/wp\/v2\/product"}],"about":[{"href":"https:\/\/stampcurio.com\/hu\/wp-json\/wp\/v2\/types\/product"}],"wp:featuredmedia":[{"embeddable":true,"href":"https:\/\/stampcurio.com\/hu\/wp-json\/wp\/v2\/media\/18773"}],"wp:attachment":[{"href":"https:\/\/stampcurio.com\/hu\/wp-json\/wp\/v2\/media?parent=15634"}],"wp:term":[{"taxonomy":"product_brand","embeddable":true,"href":"https:\/\/stampcurio.com\/hu\/wp-json\/wp\/v2\/product_brand?post=15634"},{"taxonomy":"product_cat","embeddable":true,"href":"https:\/\/stampcurio.com\/hu\/wp-json\/wp\/v2\/product_cat?post=15634"},{"taxonomy":"product_tag","embeddable":true,"href":"https:\/\/stampcurio.com\/hu\/wp-json\/wp\/v2\/product_tag?post=15634"}],"curies":[{"name":"wp","href":"https:\/\/api.w.org\/{rel}","templated":true}]}}