{"id":15633,"date":"2024-11-29T18:32:25","date_gmt":"2024-11-29T17:32:25","guid":{"rendered":"https:\/\/stampcurio.com\/product\/1852-parma-napolyba-kuldott-boritek-40c-belyeggel-hatoldalan-per-pappal-state-belyegzovel\/"},"modified":"2025-12-05T04:05:37","modified_gmt":"2025-12-05T03:05:37","slug":"1852-parma-napolyba-kuldott-boritek-40c-belyeggel-hatoldalan-per-pappal-state-belyegzovel","status":"publish","type":"product","link":"https:\/\/stampcurio.com\/hu\/termek\/1852-parma-napolyba-kuldott-boritek-40c-belyeggel-hatoldalan-per-pappal-state-belyegzovel\/","title":{"rendered":"1852 P\u00e1rma N\u00e1polyba k\u00fcld\u00f6tt bor\u00edt\u00e9k 40c b\u00e9lyeggel, h\u00e1toldal\u00e1n &#8220;Per Pappal State&#8221; b\u00e9lyegz\u0151vel"},"content":{"rendered":"","protected":false},"excerpt":{"rendered":"","protected":false},"featured_media":23995,"template":"","meta":[],"product_brand":[],"product_cat":[1183],"product_tag":[1664,116,1041,89,1631],"class_list":{"0":"post-15633","1":"product","2":"type-product","3":"status-publish","4":"has-post-thumbnail","6":"product_cat-olaszorszag","7":"product_tag-2nd-auction-hu","8":"product_tag-belyeg","9":"product_tag-marcophily-hu","10":"product_tag-postatortenet","11":"product_tag-pre-upu","13":"first","14":"outofstock","15":"sold-individually","16":"shipping-taxable","17":"product-type-simple"},"_links":{"self":[{"href":"https:\/\/stampcurio.com\/hu\/wp-json\/wp\/v2\/product\/15633","targetHints":{"allow":["GET"]}}],"collection":[{"href":"https:\/\/stampcurio.com\/hu\/wp-json\/wp\/v2\/product"}],"about":[{"href":"https:\/\/stampcurio.com\/hu\/wp-json\/wp\/v2\/types\/product"}],"wp:featuredmedia":[{"embeddable":true,"href":"https:\/\/stampcurio.com\/hu\/wp-json\/wp\/v2\/media\/23995"}],"wp:attachment":[{"href":"https:\/\/stampcurio.com\/hu\/wp-json\/wp\/v2\/media?parent=15633"}],"wp:term":[{"taxonomy":"product_brand","embeddable":true,"href":"https:\/\/stampcurio.com\/hu\/wp-json\/wp\/v2\/product_brand?post=15633"},{"taxonomy":"product_cat","embeddable":true,"href":"https:\/\/stampcurio.com\/hu\/wp-json\/wp\/v2\/product_cat?post=15633"},{"taxonomy":"product_tag","embeddable":true,"href":"https:\/\/stampcurio.com\/hu\/wp-json\/wp\/v2\/product_tag?post=15633"}],"curies":[{"name":"wp","href":"https:\/\/api.w.org\/{rel}","templated":true}]}}