{"id":15632,"date":"2024-11-29T18:32:24","date_gmt":"2024-11-29T17:32:24","guid":{"rendered":"https:\/\/stampcurio.com\/product\/1919-csehszlovak-army-in-siberia-levelezolap-becsbe-kuldve-tabori-posta-lap\/"},"modified":"2025-12-05T04:05:38","modified_gmt":"2025-12-05T03:05:38","slug":"1919-csehszlovakia-army-in-siberia-levelezolap-becsbe-kuldve","status":"publish","type":"product","link":"https:\/\/stampcurio.com\/hu\/termek\/1919-csehszlovakia-army-in-siberia-levelezolap-becsbe-kuldve\/","title":{"rendered":"1919 Csehszlov\u00e1kia &#8220;Army in Siberia&#8221; levelez\u0151lap B\u00e9csbe k\u00fcldve"},"content":{"rendered":"","protected":false},"excerpt":{"rendered":"","protected":false},"featured_media":19427,"template":"","meta":[],"product_brand":[],"product_cat":[1178,1238,1288,1189],"product_tag":[1664,116,1041,89,208],"class_list":{"0":"post-15632","1":"product","2":"type-product","3":"status-publish","4":"has-post-thumbnail","6":"product_cat-ausztria","7":"product_cat-csehorszag","8":"product_cat-sziberia","9":"product_cat-szlovakia","10":"product_tag-2nd-auction-hu","11":"product_tag-belyeg","12":"product_tag-marcophily-hu","13":"product_tag-postatortenet","14":"product_tag-tabori-posta","16":"first","17":"outofstock","18":"sold-individually","19":"shipping-taxable","20":"product-type-simple"},"_links":{"self":[{"href":"https:\/\/stampcurio.com\/hu\/wp-json\/wp\/v2\/product\/15632","targetHints":{"allow":["GET"]}}],"collection":[{"href":"https:\/\/stampcurio.com\/hu\/wp-json\/wp\/v2\/product"}],"about":[{"href":"https:\/\/stampcurio.com\/hu\/wp-json\/wp\/v2\/types\/product"}],"wp:featuredmedia":[{"embeddable":true,"href":"https:\/\/stampcurio.com\/hu\/wp-json\/wp\/v2\/media\/19427"}],"wp:attachment":[{"href":"https:\/\/stampcurio.com\/hu\/wp-json\/wp\/v2\/media?parent=15632"}],"wp:term":[{"taxonomy":"product_brand","embeddable":true,"href":"https:\/\/stampcurio.com\/hu\/wp-json\/wp\/v2\/product_brand?post=15632"},{"taxonomy":"product_cat","embeddable":true,"href":"https:\/\/stampcurio.com\/hu\/wp-json\/wp\/v2\/product_cat?post=15632"},{"taxonomy":"product_tag","embeddable":true,"href":"https:\/\/stampcurio.com\/hu\/wp-json\/wp\/v2\/product_tag?post=15632"}],"curies":[{"name":"wp","href":"https:\/\/api.w.org\/{rel}","templated":true}]}}