{"id":15631,"date":"2024-11-29T18:32:24","date_gmt":"2024-11-29T17:32:24","guid":{"rendered":"https:\/\/stampcurio.com\/product\/cilicia-1919-nyomtatvany-angliaba-kuldve-cenzurazva-vizszintes-hajtasnyom-a-level-kozepen\/"},"modified":"2025-12-05T04:05:38","modified_gmt":"2025-12-05T03:05:38","slug":"1919-cilicia-nyomtatvany-angliaba-kuldve-cenzurazva","status":"publish","type":"product","link":"https:\/\/stampcurio.com\/hu\/termek\/1919-cilicia-nyomtatvany-angliaba-kuldve-cenzurazva\/","title":{"rendered":"1919 Cilicia &#8211; nyomtatv\u00e1ny Angli\u00e1ba k\u00fcldve, cenz\u00far\u00e1zva"},"content":{"rendered":"","protected":false},"excerpt":{"rendered":"<p>v\u00edzszintes hajt\u00e1snyom a bor\u00edt\u00e9k k\u00f6zep\u00e9n, a b\u00e9lyeget nem \u00e9rinit<\/p>\n","protected":false},"featured_media":19417,"template":"","meta":[],"product_brand":[],"product_cat":[1186,1286,1287,1188],"product_tag":[1664,233,89],"class_list":{"0":"post-15631","1":"product","2":"type-product","3":"status-publish","4":"has-post-thumbnail","6":"product_cat-brit-birodalom","7":"product_cat-cilicia","8":"product_cat-ormenyorszag","9":"product_cat-torokorszag","10":"product_tag-2nd-auction-hu","11":"product_tag-cenzura","12":"product_tag-postatortenet","14":"first","15":"outofstock","16":"sold-individually","17":"shipping-taxable","18":"product-type-simple"},"_links":{"self":[{"href":"https:\/\/stampcurio.com\/hu\/wp-json\/wp\/v2\/product\/15631","targetHints":{"allow":["GET"]}}],"collection":[{"href":"https:\/\/stampcurio.com\/hu\/wp-json\/wp\/v2\/product"}],"about":[{"href":"https:\/\/stampcurio.com\/hu\/wp-json\/wp\/v2\/types\/product"}],"wp:featuredmedia":[{"embeddable":true,"href":"https:\/\/stampcurio.com\/hu\/wp-json\/wp\/v2\/media\/19417"}],"wp:attachment":[{"href":"https:\/\/stampcurio.com\/hu\/wp-json\/wp\/v2\/media?parent=15631"}],"wp:term":[{"taxonomy":"product_brand","embeddable":true,"href":"https:\/\/stampcurio.com\/hu\/wp-json\/wp\/v2\/product_brand?post=15631"},{"taxonomy":"product_cat","embeddable":true,"href":"https:\/\/stampcurio.com\/hu\/wp-json\/wp\/v2\/product_cat?post=15631"},{"taxonomy":"product_tag","embeddable":true,"href":"https:\/\/stampcurio.com\/hu\/wp-json\/wp\/v2\/product_tag?post=15631"}],"curies":[{"name":"wp","href":"https:\/\/api.w.org\/{rel}","templated":true}]}}