{"id":15630,"date":"2024-11-29T18:32:24","date_gmt":"2024-11-29T17:32:24","guid":{"rendered":"https:\/\/stampcurio.com\/product\/1923-upper-silezia-lengyelorszag-5x20-marek-dijlerovas-lengyelorszagba-kuldve-cseh-nemet-lengyel-poroszorszag-pocta-polska\/"},"modified":"2025-12-05T04:05:38","modified_gmt":"2025-12-05T03:05:38","slug":"1923-felso-szilezia-boritek-5x20-marek-dijlerovassal-lengyelorszagba-kuldve","status":"publish","type":"product","link":"https:\/\/stampcurio.com\/hu\/termek\/1923-felso-szilezia-boritek-5x20-marek-dijlerovassal-lengyelorszagba-kuldve\/","title":{"rendered":"1923 Fels\u0151-Szil\u00e9zia bor\u00edt\u00e9k 5&#215;20 marek d\u00edjlerov\u00e1ssal Lengyelorsz\u00e1gba k\u00fcldve"},"content":{"rendered":"","protected":false},"excerpt":{"rendered":"","protected":false},"featured_media":19485,"template":"","meta":[],"product_brand":[],"product_cat":[1238,1190,1175],"product_tag":[1664,89],"class_list":{"0":"post-15630","1":"product","2":"type-product","3":"status-publish","4":"has-post-thumbnail","6":"product_cat-csehorszag","7":"product_cat-lengyelorszag","8":"product_cat-nemetorszag","9":"product_tag-2nd-auction-hu","10":"product_tag-postatortenet","12":"first","13":"outofstock","14":"sold-individually","15":"shipping-taxable","16":"product-type-simple"},"_links":{"self":[{"href":"https:\/\/stampcurio.com\/hu\/wp-json\/wp\/v2\/product\/15630","targetHints":{"allow":["GET"]}}],"collection":[{"href":"https:\/\/stampcurio.com\/hu\/wp-json\/wp\/v2\/product"}],"about":[{"href":"https:\/\/stampcurio.com\/hu\/wp-json\/wp\/v2\/types\/product"}],"wp:featuredmedia":[{"embeddable":true,"href":"https:\/\/stampcurio.com\/hu\/wp-json\/wp\/v2\/media\/19485"}],"wp:attachment":[{"href":"https:\/\/stampcurio.com\/hu\/wp-json\/wp\/v2\/media?parent=15630"}],"wp:term":[{"taxonomy":"product_brand","embeddable":true,"href":"https:\/\/stampcurio.com\/hu\/wp-json\/wp\/v2\/product_brand?post=15630"},{"taxonomy":"product_cat","embeddable":true,"href":"https:\/\/stampcurio.com\/hu\/wp-json\/wp\/v2\/product_cat?post=15630"},{"taxonomy":"product_tag","embeddable":true,"href":"https:\/\/stampcurio.com\/hu\/wp-json\/wp\/v2\/product_tag?post=15630"}],"curies":[{"name":"wp","href":"https:\/\/api.w.org\/{rel}","templated":true}]}}