{"id":15629,"date":"2024-11-29T18:32:23","date_gmt":"2024-11-29T17:32:23","guid":{"rendered":"https:\/\/stampcurio.com\/product\/1913-ausztralia-tcv-lap-3x05-pennyvel-magyarorszagra-kuldve\/"},"modified":"2025-12-05T04:05:39","modified_gmt":"2025-12-05T03:05:39","slug":"1913-ausztralia-tcv-kepeslap-magyarorszagra-kuldve-szelso-belyeg-fogazata-serult-ritka-destinacio","status":"publish","type":"product","link":"https:\/\/stampcurio.com\/hu\/termek\/1913-ausztralia-tcv-kepeslap-magyarorszagra-kuldve-szelso-belyeg-fogazata-serult-ritka-destinacio\/","title":{"rendered":"1913 Ausztr\u00e1lia &#8211; TCV k\u00e9peslap Magyarorsz\u00e1gra k\u00fcldve &#8211; sz\u00e9ls\u0151 b\u00e9lyeg fogazata s\u00e9r\u00fclt &#8211; ritka destin\u00e1ci\u00f3"},"content":{"rendered":"","protected":false},"excerpt":{"rendered":"","protected":false},"featured_media":19453,"template":"","meta":[],"product_brand":[],"product_cat":[1218,1172],"product_tag":[1664,116,97,89,1299],"class_list":{"0":"post-15629","1":"product","2":"type-product","3":"status-publish","4":"has-post-thumbnail","6":"product_cat-ausztralia","7":"product_cat-magyarorszag","8":"product_tag-2nd-auction-hu","9":"product_tag-belyeg","10":"product_tag-kepeslap","11":"product_tag-postatortenet","12":"product_tag-tcv","14":"first","15":"outofstock","16":"sold-individually","17":"shipping-taxable","18":"product-type-simple"},"_links":{"self":[{"href":"https:\/\/stampcurio.com\/hu\/wp-json\/wp\/v2\/product\/15629","targetHints":{"allow":["GET"]}}],"collection":[{"href":"https:\/\/stampcurio.com\/hu\/wp-json\/wp\/v2\/product"}],"about":[{"href":"https:\/\/stampcurio.com\/hu\/wp-json\/wp\/v2\/types\/product"}],"wp:featuredmedia":[{"embeddable":true,"href":"https:\/\/stampcurio.com\/hu\/wp-json\/wp\/v2\/media\/19453"}],"wp:attachment":[{"href":"https:\/\/stampcurio.com\/hu\/wp-json\/wp\/v2\/media?parent=15629"}],"wp:term":[{"taxonomy":"product_brand","embeddable":true,"href":"https:\/\/stampcurio.com\/hu\/wp-json\/wp\/v2\/product_brand?post=15629"},{"taxonomy":"product_cat","embeddable":true,"href":"https:\/\/stampcurio.com\/hu\/wp-json\/wp\/v2\/product_cat?post=15629"},{"taxonomy":"product_tag","embeddable":true,"href":"https:\/\/stampcurio.com\/hu\/wp-json\/wp\/v2\/product_tag?post=15629"}],"curies":[{"name":"wp","href":"https:\/\/api.w.org\/{rel}","templated":true}]}}