{"id":15628,"date":"2024-11-29T18:32:23","date_gmt":"2024-11-29T17:32:23","guid":{"rendered":"https:\/\/stampcurio.com\/product\/british-south-africa-company-1892-5-font-fiscaly-used-with-used-perfin\/"},"modified":"2025-12-05T04:05:39","modified_gmt":"2025-12-05T03:05:39","slug":"1892-brit-del-afrika-tarsasag-5-font-perfin-okmanybelyegkent-felhasznalva","status":"publish","type":"product","link":"https:\/\/stampcurio.com\/hu\/termek\/1892-brit-del-afrika-tarsasag-5-font-perfin-okmanybelyegkent-felhasznalva\/","title":{"rendered":"1892 Brit D\u00e9l-Afrika T\u00e1rsas\u00e1g &#8211; 5 font perfin okm\u00e1nyb\u00e9lyegk\u00e9nt felhaszn\u00e1lva"},"content":{"rendered":"","protected":false},"excerpt":{"rendered":"","protected":false},"featured_media":18791,"template":"","meta":[],"product_brand":[],"product_cat":[1186,1216],"product_tag":[1664,116,282,230],"class_list":{"0":"post-15628","1":"product","2":"type-product","3":"status-publish","4":"has-post-thumbnail","6":"product_cat-brit-birodalom","7":"product_cat-del-afrikai-koztarsasag","8":"product_tag-2nd-auction-hu","9":"product_tag-belyeg","10":"product_tag-okmanybelyeg","11":"product_tag-perfin","13":"first","14":"outofstock","15":"sold-individually","16":"shipping-taxable","17":"product-type-simple"},"_links":{"self":[{"href":"https:\/\/stampcurio.com\/hu\/wp-json\/wp\/v2\/product\/15628","targetHints":{"allow":["GET"]}}],"collection":[{"href":"https:\/\/stampcurio.com\/hu\/wp-json\/wp\/v2\/product"}],"about":[{"href":"https:\/\/stampcurio.com\/hu\/wp-json\/wp\/v2\/types\/product"}],"wp:featuredmedia":[{"embeddable":true,"href":"https:\/\/stampcurio.com\/hu\/wp-json\/wp\/v2\/media\/18791"}],"wp:attachment":[{"href":"https:\/\/stampcurio.com\/hu\/wp-json\/wp\/v2\/media?parent=15628"}],"wp:term":[{"taxonomy":"product_brand","embeddable":true,"href":"https:\/\/stampcurio.com\/hu\/wp-json\/wp\/v2\/product_brand?post=15628"},{"taxonomy":"product_cat","embeddable":true,"href":"https:\/\/stampcurio.com\/hu\/wp-json\/wp\/v2\/product_cat?post=15628"},{"taxonomy":"product_tag","embeddable":true,"href":"https:\/\/stampcurio.com\/hu\/wp-json\/wp\/v2\/product_tag?post=15628"}],"curies":[{"name":"wp","href":"https:\/\/api.w.org\/{rel}","templated":true}]}}