{"id":15627,"date":"2024-11-29T18:32:23","date_gmt":"2024-11-29T17:32:23","guid":{"rendered":"https:\/\/stampcurio.com\/product\/1918-1935-ujvidek-postai-meghatalmazas-magyar-shs-jugoszlavia-belyegekkel-igazi-tortenelmi-dokumentum\/"},"modified":"2025-12-05T04:05:39","modified_gmt":"2025-12-05T03:05:39","slug":"1918-1935-magyarorszag-ujvidek-postai-meghatalmazas-evente-ervenyesitve-magyar-majd-shs-utana-pedig-jugoszlav-belyegekkel-igazi-tortenelmi-latlelet","status":"publish","type":"product","link":"https:\/\/stampcurio.com\/hu\/termek\/1918-1935-magyarorszag-ujvidek-postai-meghatalmazas-evente-ervenyesitve-magyar-majd-shs-utana-pedig-jugoszlav-belyegekkel-igazi-tortenelmi-latlelet\/","title":{"rendered":"1918 &#8211; 1935 Magyarorsz\u00e1g &#8211; \u00dajvid\u00e9k postai meghatalmaz\u00e1s \u00e9vente \u00e9rv\u00e9nyes\u00edtve magyar majd SHS ut\u00e1na pedig jugoszl\u00e1v b\u00e9lyegekkel &#8211; igazi t\u00f6rt\u00e9nelmi l\u00e1tlelet"},"content":{"rendered":"","protected":false},"excerpt":{"rendered":"<p>Rendk\u00edv\u00fcl viseltes \u00e1llapotban, a hajt\u00e1sokn\u00e1l elv\u00e1lva stb. melyet indokol a k\u00f6zel 20 \u00e9vnyi haszn\u00e1lat.<\/p>\n","protected":false},"featured_media":19687,"template":"","meta":[],"product_brand":[],"product_cat":[1222,1192,1172,1245,1236],"product_tag":[1664,176,89],"class_list":{"0":"post-15627","1":"product","2":"type-product","3":"status-publish","4":"has-post-thumbnail","6":"product_cat-bosznia-hercegovina","7":"product_cat-horvatorszag","8":"product_cat-magyarorszag","9":"product_cat-szerbia","10":"product_cat-szlovenia","11":"product_tag-2nd-auction-hu","12":"product_tag-philagem","13":"product_tag-postatortenet","15":"first","16":"outofstock","17":"sold-individually","18":"shipping-taxable","19":"product-type-simple"},"_links":{"self":[{"href":"https:\/\/stampcurio.com\/hu\/wp-json\/wp\/v2\/product\/15627","targetHints":{"allow":["GET"]}}],"collection":[{"href":"https:\/\/stampcurio.com\/hu\/wp-json\/wp\/v2\/product"}],"about":[{"href":"https:\/\/stampcurio.com\/hu\/wp-json\/wp\/v2\/types\/product"}],"wp:featuredmedia":[{"embeddable":true,"href":"https:\/\/stampcurio.com\/hu\/wp-json\/wp\/v2\/media\/19687"}],"wp:attachment":[{"href":"https:\/\/stampcurio.com\/hu\/wp-json\/wp\/v2\/media?parent=15627"}],"wp:term":[{"taxonomy":"product_brand","embeddable":true,"href":"https:\/\/stampcurio.com\/hu\/wp-json\/wp\/v2\/product_brand?post=15627"},{"taxonomy":"product_cat","embeddable":true,"href":"https:\/\/stampcurio.com\/hu\/wp-json\/wp\/v2\/product_cat?post=15627"},{"taxonomy":"product_tag","embeddable":true,"href":"https:\/\/stampcurio.com\/hu\/wp-json\/wp\/v2\/product_tag?post=15627"}],"curies":[{"name":"wp","href":"https:\/\/api.w.org\/{rel}","templated":true}]}}