{"id":15626,"date":"2024-11-29T18:32:22","date_gmt":"2024-11-29T17:32:22","guid":{"rendered":"https:\/\/stampcurio.com\/product\/1860-utlevel-temesvar-ausztria-kulfoldi-utlevel-fur-das-ausland-reisepasse-magyarorszag-romania-szerbia-szerb-es-osztrak-belyegzesekkel-1-fn-illetekbelyeggel\/"},"modified":"2025-12-05T04:05:40","modified_gmt":"2025-12-05T03:05:40","slug":"1860-ausztria-temesvaron-kiallitott-utlevel-szerb-es-osztrak-belyegzesekkel-1-fl-illetekbelyeggel","status":"publish","type":"product","link":"https:\/\/stampcurio.com\/hu\/termek\/1860-ausztria-temesvaron-kiallitott-utlevel-szerb-es-osztrak-belyegzesekkel-1-fl-illetekbelyeggel\/","title":{"rendered":"1860 Ausztria &#8211; Temesv\u00e1ron ki\u00e1ll\u00edtott \u00fatlev\u00e9l szerb \u00e9s osztr\u00e1k b\u00e9lyegz\u00e9sekkel, 1 fl illet\u00e9kb\u00e9lyeggel"},"content":{"rendered":"","protected":false},"excerpt":{"rendered":"","protected":false},"featured_media":19563,"template":"","meta":[],"product_brand":[],"product_cat":[1178,1172,1208,1245],"product_tag":[1664,282],"class_list":{"0":"post-15626","1":"product","2":"type-product","3":"status-publish","4":"has-post-thumbnail","6":"product_cat-ausztria","7":"product_cat-magyarorszag","8":"product_cat-romania","9":"product_cat-szerbia","10":"product_tag-2nd-auction-hu","11":"product_tag-okmanybelyeg","13":"first","14":"outofstock","15":"sold-individually","16":"shipping-taxable","17":"product-type-simple"},"_links":{"self":[{"href":"https:\/\/stampcurio.com\/hu\/wp-json\/wp\/v2\/product\/15626","targetHints":{"allow":["GET"]}}],"collection":[{"href":"https:\/\/stampcurio.com\/hu\/wp-json\/wp\/v2\/product"}],"about":[{"href":"https:\/\/stampcurio.com\/hu\/wp-json\/wp\/v2\/types\/product"}],"wp:featuredmedia":[{"embeddable":true,"href":"https:\/\/stampcurio.com\/hu\/wp-json\/wp\/v2\/media\/19563"}],"wp:attachment":[{"href":"https:\/\/stampcurio.com\/hu\/wp-json\/wp\/v2\/media?parent=15626"}],"wp:term":[{"taxonomy":"product_brand","embeddable":true,"href":"https:\/\/stampcurio.com\/hu\/wp-json\/wp\/v2\/product_brand?post=15626"},{"taxonomy":"product_cat","embeddable":true,"href":"https:\/\/stampcurio.com\/hu\/wp-json\/wp\/v2\/product_cat?post=15626"},{"taxonomy":"product_tag","embeddable":true,"href":"https:\/\/stampcurio.com\/hu\/wp-json\/wp\/v2\/product_tag?post=15626"}],"curies":[{"name":"wp","href":"https:\/\/api.w.org\/{rel}","templated":true}]}}