{"id":15625,"date":"2024-11-29T18:32:22","date_gmt":"2024-11-29T17:32:22","guid":{"rendered":"https:\/\/stampcurio.com\/product\/1900-franciaorszagi-gyarmatok-madagaszkar-nossibe-diego-suarez-filatelista-jatek-ajanlott-boritek-parizsba-cimezve\/"},"modified":"2025-12-05T04:05:40","modified_gmt":"2025-12-05T03:05:40","slug":"1900-madagaszkar-nossi-be-diego-suarez-vegyes-bermentesites-ajanlott-boritekon-parizsba-cimezve-filatelista-jatek","status":"publish","type":"product","link":"https:\/\/stampcurio.com\/hu\/termek\/1900-madagaszkar-nossi-be-diego-suarez-vegyes-bermentesites-ajanlott-boritekon-parizsba-cimezve-filatelista-jatek\/","title":{"rendered":"1900 Madagaszk\u00e1r + Nossi Be + Diego Suarez vegyes b\u00e9rmentes\u00edt\u00e9s aj\u00e1nlott bor\u00edt\u00e9kon P\u00e1rizsba c\u00edmezve &#8211;  filatelista j\u00e1t\u00e9k"},"content":{"rendered":"","protected":false},"excerpt":{"rendered":"","protected":false},"featured_media":19575,"template":"","meta":[],"product_brand":[],"product_cat":[1181,1285],"product_tag":[1664,116,89],"class_list":{"0":"post-15625","1":"product","2":"type-product","3":"status-publish","4":"has-post-thumbnail","6":"product_cat-franciaorszag","7":"product_cat-madagaszkar","8":"product_tag-2nd-auction-hu","9":"product_tag-belyeg","10":"product_tag-postatortenet","12":"first","13":"outofstock","14":"sold-individually","15":"shipping-taxable","16":"product-type-simple"},"_links":{"self":[{"href":"https:\/\/stampcurio.com\/hu\/wp-json\/wp\/v2\/product\/15625","targetHints":{"allow":["GET"]}}],"collection":[{"href":"https:\/\/stampcurio.com\/hu\/wp-json\/wp\/v2\/product"}],"about":[{"href":"https:\/\/stampcurio.com\/hu\/wp-json\/wp\/v2\/types\/product"}],"wp:featuredmedia":[{"embeddable":true,"href":"https:\/\/stampcurio.com\/hu\/wp-json\/wp\/v2\/media\/19575"}],"wp:attachment":[{"href":"https:\/\/stampcurio.com\/hu\/wp-json\/wp\/v2\/media?parent=15625"}],"wp:term":[{"taxonomy":"product_brand","embeddable":true,"href":"https:\/\/stampcurio.com\/hu\/wp-json\/wp\/v2\/product_brand?post=15625"},{"taxonomy":"product_cat","embeddable":true,"href":"https:\/\/stampcurio.com\/hu\/wp-json\/wp\/v2\/product_cat?post=15625"},{"taxonomy":"product_tag","embeddable":true,"href":"https:\/\/stampcurio.com\/hu\/wp-json\/wp\/v2\/product_tag?post=15625"}],"curies":[{"name":"wp","href":"https:\/\/api.w.org\/{rel}","templated":true}]}}