{"id":15624,"date":"2024-11-29T18:32:22","date_gmt":"2024-11-29T17:32:22","guid":{"rendered":"https:\/\/stampcurio.com\/product\/1905-kamerun-german-kamerun-kepeslap-nemetorszagba-kuldve-fent-kis-szakadas\/"},"modified":"2025-12-05T04:05:40","modified_gmt":"2025-12-05T03:05:40","slug":"1905-kamerun-kepeslap-nemetorszagba-kuldve-szep-kribi-belyegzessel","status":"publish","type":"product","link":"https:\/\/stampcurio.com\/hu\/termek\/1905-kamerun-kepeslap-nemetorszagba-kuldve-szep-kribi-belyegzessel\/","title":{"rendered":"1905 Kamerun &#8211; k\u00e9peslap N\u00e9metorsz\u00e1gba k\u00fcldve sz\u00e9p KRIBI b\u00e9lyegz\u00e9ssel"},"content":{"rendered":"","protected":false},"excerpt":{"rendered":"<p>A k\u00e9peslap k\u00f6zep\u00e9n fent kis beszakad\u00e1s.<\/p>\n","protected":false},"featured_media":19445,"template":"","meta":[],"product_brand":[],"product_cat":[1194,1175],"product_tag":[1664,116,97,1041,89],"class_list":{"0":"post-15624","1":"product","2":"type-product","3":"status-publish","4":"has-post-thumbnail","6":"product_cat-kamerun","7":"product_cat-nemetorszag","8":"product_tag-2nd-auction-hu","9":"product_tag-belyeg","10":"product_tag-kepeslap","11":"product_tag-marcophily-hu","12":"product_tag-postatortenet","14":"first","15":"outofstock","16":"sold-individually","17":"shipping-taxable","18":"product-type-simple"},"_links":{"self":[{"href":"https:\/\/stampcurio.com\/hu\/wp-json\/wp\/v2\/product\/15624","targetHints":{"allow":["GET"]}}],"collection":[{"href":"https:\/\/stampcurio.com\/hu\/wp-json\/wp\/v2\/product"}],"about":[{"href":"https:\/\/stampcurio.com\/hu\/wp-json\/wp\/v2\/types\/product"}],"wp:featuredmedia":[{"embeddable":true,"href":"https:\/\/stampcurio.com\/hu\/wp-json\/wp\/v2\/media\/19445"}],"wp:attachment":[{"href":"https:\/\/stampcurio.com\/hu\/wp-json\/wp\/v2\/media?parent=15624"}],"wp:term":[{"taxonomy":"product_brand","embeddable":true,"href":"https:\/\/stampcurio.com\/hu\/wp-json\/wp\/v2\/product_brand?post=15624"},{"taxonomy":"product_cat","embeddable":true,"href":"https:\/\/stampcurio.com\/hu\/wp-json\/wp\/v2\/product_cat?post=15624"},{"taxonomy":"product_tag","embeddable":true,"href":"https:\/\/stampcurio.com\/hu\/wp-json\/wp\/v2\/product_tag?post=15624"}],"curies":[{"name":"wp","href":"https:\/\/api.w.org\/{rel}","templated":true}]}}