{"id":15623,"date":"2024-11-29T18:32:22","date_gmt":"2024-11-29T17:32:22","guid":{"rendered":"https:\/\/stampcurio.com\/product\/1932-garibaldi-sor-olasz-koloniak-olaszorszag-italian-colonies-full-set-ajanlott-legiposta-expressz-levelen-firenzebe-tripolibol-libia\/"},"modified":"2025-12-05T04:05:40","modified_gmt":"2025-12-05T03:05:40","slug":"1932-libia-garibaldi-teljes-sor-ajanlott-legiposta-expressz-levelen-olaszorszagba-kuldve","status":"publish","type":"product","link":"https:\/\/stampcurio.com\/hu\/termek\/1932-libia-garibaldi-teljes-sor-ajanlott-legiposta-expressz-levelen-olaszorszagba-kuldve\/","title":{"rendered":"1932 L\u00edbia &#8211; Garibaldi teljes sor aj\u00e1nlott l\u00e9giposta expressz lev\u00e9len Olaszorsz\u00e1gba k\u00fcldve"},"content":{"rendered":"","protected":false},"excerpt":{"rendered":"","protected":false},"featured_media":19441,"template":"","meta":[],"product_brand":[],"product_cat":[1284,1183],"product_tag":[1664,116,115,89],"class_list":{"0":"post-15623","1":"product","2":"type-product","3":"status-publish","4":"has-post-thumbnail","6":"product_cat-libia","7":"product_cat-olaszorszag","8":"product_tag-2nd-auction-hu","9":"product_tag-belyeg","10":"product_tag-legiposta","11":"product_tag-postatortenet","13":"first","14":"outofstock","15":"sold-individually","16":"shipping-taxable","17":"product-type-simple"},"_links":{"self":[{"href":"https:\/\/stampcurio.com\/hu\/wp-json\/wp\/v2\/product\/15623","targetHints":{"allow":["GET"]}}],"collection":[{"href":"https:\/\/stampcurio.com\/hu\/wp-json\/wp\/v2\/product"}],"about":[{"href":"https:\/\/stampcurio.com\/hu\/wp-json\/wp\/v2\/types\/product"}],"wp:featuredmedia":[{"embeddable":true,"href":"https:\/\/stampcurio.com\/hu\/wp-json\/wp\/v2\/media\/19441"}],"wp:attachment":[{"href":"https:\/\/stampcurio.com\/hu\/wp-json\/wp\/v2\/media?parent=15623"}],"wp:term":[{"taxonomy":"product_brand","embeddable":true,"href":"https:\/\/stampcurio.com\/hu\/wp-json\/wp\/v2\/product_brand?post=15623"},{"taxonomy":"product_cat","embeddable":true,"href":"https:\/\/stampcurio.com\/hu\/wp-json\/wp\/v2\/product_cat?post=15623"},{"taxonomy":"product_tag","embeddable":true,"href":"https:\/\/stampcurio.com\/hu\/wp-json\/wp\/v2\/product_tag?post=15623"}],"curies":[{"name":"wp","href":"https:\/\/api.w.org\/{rel}","templated":true}]}}