{"id":15622,"date":"2024-11-29T18:32:21","date_gmt":"2024-11-29T17:32:21","guid":{"rendered":"https:\/\/stampcurio.com\/product\/xxx-strait-settlements-stamps-used-in-kedah-5-stamps-one-mixed-used-franking\/"},"modified":"2025-12-05T04:05:41","modified_gmt":"2025-12-05T03:05:41","slug":"1919-kedah-strait-settlements-belyegek-provizorikus-hasznalata-vegyes-bermentesites-kivagason","status":"publish","type":"product","link":"https:\/\/stampcurio.com\/hu\/termek\/1919-kedah-strait-settlements-belyegek-provizorikus-hasznalata-vegyes-bermentesites-kivagason\/","title":{"rendered":"1919 Kedah &#8211; Strait Settlements b\u00e9lyegek proviz\u00f3rikus haszn\u00e1lata + vegyes b\u00e9rmentes\u00edt\u00e9s kiv\u00e1g\u00e1son"},"content":{"rendered":"","protected":false},"excerpt":{"rendered":"<p>1918. janu\u00e1r 1-j\u00e9n a belf\u00f6ldi lev\u00e9l d\u00edj\u00e1t 3 centr\u0151l 4 centre emelt\u00e9k. Kedahban a b\u00e9lyeghi\u00e1ny 1919 els\u0151 h\u00f3napjaiban jelentkezett. A Straits Settlements 1 centes fekete \u00e9s 4 centes piros b\u00e9lyegek haszn\u00e1lat\u00e1t enged\u00e9lyezt\u00e9k, am\u00edg \u00faj kedahi b\u00e9lyegk\u00e9szletek nem \u00e9rkeztek meg.<\/p>\n","protected":false},"featured_media":23950,"template":"","meta":[],"product_brand":[],"product_cat":[1186,1214],"product_tag":[1664,116,256,172],"class_list":{"0":"post-15622","1":"product","2":"type-product","3":"status-publish","4":"has-post-thumbnail","6":"product_cat-brit-birodalom","7":"product_cat-malajzia","8":"product_tag-2nd-auction-hu","9":"product_tag-belyeg","10":"product_tag-provizorium","11":"product_tag-vegyes-bermentesites","13":"first","14":"outofstock","15":"sold-individually","16":"shipping-taxable","17":"product-type-simple"},"_links":{"self":[{"href":"https:\/\/stampcurio.com\/hu\/wp-json\/wp\/v2\/product\/15622","targetHints":{"allow":["GET"]}}],"collection":[{"href":"https:\/\/stampcurio.com\/hu\/wp-json\/wp\/v2\/product"}],"about":[{"href":"https:\/\/stampcurio.com\/hu\/wp-json\/wp\/v2\/types\/product"}],"wp:featuredmedia":[{"embeddable":true,"href":"https:\/\/stampcurio.com\/hu\/wp-json\/wp\/v2\/media\/23950"}],"wp:attachment":[{"href":"https:\/\/stampcurio.com\/hu\/wp-json\/wp\/v2\/media?parent=15622"}],"wp:term":[{"taxonomy":"product_brand","embeddable":true,"href":"https:\/\/stampcurio.com\/hu\/wp-json\/wp\/v2\/product_brand?post=15622"},{"taxonomy":"product_cat","embeddable":true,"href":"https:\/\/stampcurio.com\/hu\/wp-json\/wp\/v2\/product_cat?post=15622"},{"taxonomy":"product_tag","embeddable":true,"href":"https:\/\/stampcurio.com\/hu\/wp-json\/wp\/v2\/product_tag?post=15622"}],"curies":[{"name":"wp","href":"https:\/\/api.w.org\/{rel}","templated":true}]}}