{"id":15621,"date":"2024-11-29T18:32:21","date_gmt":"2024-11-29T17:32:21","guid":{"rendered":"https:\/\/stampcurio.com\/product\/1892-97-cochin-india-multiple-copies-on-album-pages-used-and-unused\/"},"modified":"2025-12-05T04:05:41","modified_gmt":"2025-12-05T03:05:41","slug":"1892-1897-india-cochin-allam-postatiszta-es-pecsetelt-belyegei-harom-albumlapon","status":"publish","type":"product","link":"https:\/\/stampcurio.com\/hu\/termek\/1892-1897-india-cochin-allam-postatiszta-es-pecsetelt-belyegei-harom-albumlapon\/","title":{"rendered":"1892 &#8211; 1897 India Cochin \u00e1llam postatiszta \u00e9s pecs\u00e9telt b\u00e9lyegei h\u00e1rom albumlapon"},"content":{"rendered":"","protected":false},"excerpt":{"rendered":"","protected":false},"featured_media":19665,"template":"","meta":[],"product_brand":[],"product_cat":[1206],"product_tag":[1664,116],"class_list":{"0":"post-15621","1":"product","2":"type-product","3":"status-publish","4":"has-post-thumbnail","6":"product_cat-india","7":"product_tag-2nd-auction-hu","8":"product_tag-belyeg","10":"first","11":"outofstock","12":"sold-individually","13":"shipping-taxable","14":"product-type-simple"},"_links":{"self":[{"href":"https:\/\/stampcurio.com\/hu\/wp-json\/wp\/v2\/product\/15621","targetHints":{"allow":["GET"]}}],"collection":[{"href":"https:\/\/stampcurio.com\/hu\/wp-json\/wp\/v2\/product"}],"about":[{"href":"https:\/\/stampcurio.com\/hu\/wp-json\/wp\/v2\/types\/product"}],"wp:featuredmedia":[{"embeddable":true,"href":"https:\/\/stampcurio.com\/hu\/wp-json\/wp\/v2\/media\/19665"}],"wp:attachment":[{"href":"https:\/\/stampcurio.com\/hu\/wp-json\/wp\/v2\/media?parent=15621"}],"wp:term":[{"taxonomy":"product_brand","embeddable":true,"href":"https:\/\/stampcurio.com\/hu\/wp-json\/wp\/v2\/product_brand?post=15621"},{"taxonomy":"product_cat","embeddable":true,"href":"https:\/\/stampcurio.com\/hu\/wp-json\/wp\/v2\/product_cat?post=15621"},{"taxonomy":"product_tag","embeddable":true,"href":"https:\/\/stampcurio.com\/hu\/wp-json\/wp\/v2\/product_tag?post=15621"}],"curies":[{"name":"wp","href":"https:\/\/api.w.org\/{rel}","templated":true}]}}