{"id":15620,"date":"2024-11-29T18:32:21","date_gmt":"2024-11-29T17:32:21","guid":{"rendered":"https:\/\/stampcurio.com\/product\/1892-cochin-indiai-allam-c13-postmark-wadakkanchery-rarely-seen-multiple-usage\/"},"modified":"2025-12-05T04:05:41","modified_gmt":"2025-12-05T03:05:41","slug":"1892-india-cochin-allam-05-put-negyescsik-c3-belyegzessel-wadakkanchery-osszefuggesben-ritkan-lathato","status":"publish","type":"product","link":"https:\/\/stampcurio.com\/hu\/termek\/1892-india-cochin-allam-05-put-negyescsik-c3-belyegzessel-wadakkanchery-osszefuggesben-ritkan-lathato\/","title":{"rendered":"1892 India Cochin \u00e1llam 0,5 put n\u00e9gyescs\u00edk &#8211; C3 b\u00e9lyegz\u00e9ssel (Wadakkanchery) &#8211; \u00f6sszef\u00fcgg\u00e9sben ritk\u00e1n l\u00e1that\u00f3"},"content":{"rendered":"","protected":false},"excerpt":{"rendered":"","protected":false},"featured_media":18932,"template":"","meta":[],"product_brand":[],"product_cat":[1206],"product_tag":[1664,116,1041],"class_list":{"0":"post-15620","1":"product","2":"type-product","3":"status-publish","4":"has-post-thumbnail","6":"product_cat-india","7":"product_tag-2nd-auction-hu","8":"product_tag-belyeg","9":"product_tag-marcophily-hu","11":"first","12":"outofstock","13":"sold-individually","14":"shipping-taxable","15":"product-type-simple"},"_links":{"self":[{"href":"https:\/\/stampcurio.com\/hu\/wp-json\/wp\/v2\/product\/15620","targetHints":{"allow":["GET"]}}],"collection":[{"href":"https:\/\/stampcurio.com\/hu\/wp-json\/wp\/v2\/product"}],"about":[{"href":"https:\/\/stampcurio.com\/hu\/wp-json\/wp\/v2\/types\/product"}],"wp:featuredmedia":[{"embeddable":true,"href":"https:\/\/stampcurio.com\/hu\/wp-json\/wp\/v2\/media\/18932"}],"wp:attachment":[{"href":"https:\/\/stampcurio.com\/hu\/wp-json\/wp\/v2\/media?parent=15620"}],"wp:term":[{"taxonomy":"product_brand","embeddable":true,"href":"https:\/\/stampcurio.com\/hu\/wp-json\/wp\/v2\/product_brand?post=15620"},{"taxonomy":"product_cat","embeddable":true,"href":"https:\/\/stampcurio.com\/hu\/wp-json\/wp\/v2\/product_cat?post=15620"},{"taxonomy":"product_tag","embeddable":true,"href":"https:\/\/stampcurio.com\/hu\/wp-json\/wp\/v2\/product_tag?post=15620"}],"curies":[{"name":"wp","href":"https:\/\/api.w.org\/{rel}","templated":true}]}}