{"id":15619,"date":"2024-11-29T18:32:20","date_gmt":"2024-11-29T17:32:20","guid":{"rendered":"https:\/\/stampcurio.com\/product\/1948-diamon-mountain-lila-eros-festekezesi-hibakkal-plusz-tampeldany-postatiszta-enyvezes-nelkul\/"},"modified":"2025-12-05T04:05:42","modified_gmt":"2025-12-05T03:05:42","slug":"1948-eszak-korea-ket-lila-szinu-diamond-mountain-postatiszta-belyeg-az-egyik-halovany-fuggolegesen-fogazatlan-a-masik-vagott-tulfestekezett-nyomat-eros-festekezesi-hibakkal","status":"publish","type":"product","link":"https:\/\/stampcurio.com\/hu\/termek\/1948-eszak-korea-ket-lila-szinu-diamond-mountain-postatiszta-belyeg-az-egyik-halovany-fuggolegesen-fogazatlan-a-masik-vagott-tulfestekezett-nyomat-eros-festekezesi-hibakkal\/","title":{"rendered":"1948 \u00c9szak-Korea &#8211; k\u00e9t lila sz\u00edn\u0171 Diamond Mountain postatiszta b\u00e9lyeg az egyik halov\u00e1ny f\u00fcgg\u0151legesen fogazatlan, a m\u00e1sik v\u00e1gott t\u00falfest\u00e9kezett nyomat er\u0151s fest\u00e9kez\u00e9si hib\u00e1kkal"},"content":{"rendered":"","protected":false},"excerpt":{"rendered":"","protected":false},"featured_media":18732,"template":"","meta":[],"product_brand":[],"product_cat":[1225],"product_tag":[1664,116,217],"class_list":{"0":"post-15619","1":"product","2":"type-product","3":"status-publish","4":"has-post-thumbnail","6":"product_cat-eszak-korea","7":"product_tag-2nd-auction-hu","8":"product_tag-belyeg","9":"product_tag-tevnyomat","11":"first","12":"outofstock","13":"sold-individually","14":"shipping-taxable","15":"product-type-simple"},"_links":{"self":[{"href":"https:\/\/stampcurio.com\/hu\/wp-json\/wp\/v2\/product\/15619","targetHints":{"allow":["GET"]}}],"collection":[{"href":"https:\/\/stampcurio.com\/hu\/wp-json\/wp\/v2\/product"}],"about":[{"href":"https:\/\/stampcurio.com\/hu\/wp-json\/wp\/v2\/types\/product"}],"wp:featuredmedia":[{"embeddable":true,"href":"https:\/\/stampcurio.com\/hu\/wp-json\/wp\/v2\/media\/18732"}],"wp:attachment":[{"href":"https:\/\/stampcurio.com\/hu\/wp-json\/wp\/v2\/media?parent=15619"}],"wp:term":[{"taxonomy":"product_brand","embeddable":true,"href":"https:\/\/stampcurio.com\/hu\/wp-json\/wp\/v2\/product_brand?post=15619"},{"taxonomy":"product_cat","embeddable":true,"href":"https:\/\/stampcurio.com\/hu\/wp-json\/wp\/v2\/product_cat?post=15619"},{"taxonomy":"product_tag","embeddable":true,"href":"https:\/\/stampcurio.com\/hu\/wp-json\/wp\/v2\/product_tag?post=15619"}],"curies":[{"name":"wp","href":"https:\/\/api.w.org\/{rel}","templated":true}]}}