{"id":15618,"date":"2024-11-29T18:32:20","date_gmt":"2024-11-29T17:32:20","guid":{"rendered":"https:\/\/stampcurio.com\/product\/xxx-ek-okmanybelyegei-postatiszta-enyvezes-nelkul\/"},"modified":"2025-12-05T04:05:42","modified_gmt":"2025-12-05T03:05:42","slug":"1950-eszak-korea-postatiszta-okmanybelyegei","status":"publish","type":"product","link":"https:\/\/stampcurio.com\/hu\/termek\/1950-eszak-korea-postatiszta-okmanybelyegei\/","title":{"rendered":"1950 \u00c9szak-Korea postatiszta okm\u00e1nyb\u00e9lyegei"},"content":{"rendered":"","protected":false},"excerpt":{"rendered":"","protected":false},"featured_media":19080,"template":"","meta":[],"product_brand":[],"product_cat":[1225],"product_tag":[1664,282],"class_list":{"0":"post-15618","1":"product","2":"type-product","3":"status-publish","4":"has-post-thumbnail","6":"product_cat-eszak-korea","7":"product_tag-2nd-auction-hu","8":"product_tag-okmanybelyeg","10":"first","11":"outofstock","12":"sold-individually","13":"shipping-taxable","14":"product-type-simple"},"_links":{"self":[{"href":"https:\/\/stampcurio.com\/hu\/wp-json\/wp\/v2\/product\/15618","targetHints":{"allow":["GET"]}}],"collection":[{"href":"https:\/\/stampcurio.com\/hu\/wp-json\/wp\/v2\/product"}],"about":[{"href":"https:\/\/stampcurio.com\/hu\/wp-json\/wp\/v2\/types\/product"}],"wp:featuredmedia":[{"embeddable":true,"href":"https:\/\/stampcurio.com\/hu\/wp-json\/wp\/v2\/media\/19080"}],"wp:attachment":[{"href":"https:\/\/stampcurio.com\/hu\/wp-json\/wp\/v2\/media?parent=15618"}],"wp:term":[{"taxonomy":"product_brand","embeddable":true,"href":"https:\/\/stampcurio.com\/hu\/wp-json\/wp\/v2\/product_brand?post=15618"},{"taxonomy":"product_cat","embeddable":true,"href":"https:\/\/stampcurio.com\/hu\/wp-json\/wp\/v2\/product_cat?post=15618"},{"taxonomy":"product_tag","embeddable":true,"href":"https:\/\/stampcurio.com\/hu\/wp-json\/wp\/v2\/product_tag?post=15618"}],"curies":[{"name":"wp","href":"https:\/\/api.w.org\/{rel}","templated":true}]}}