{"id":15617,"date":"2024-11-29T18:32:20","date_gmt":"2024-11-29T17:32:20","guid":{"rendered":"https:\/\/stampcurio.com\/product\/karpatalja-tabori-posta-levelezolap-1944-karpataljai-felulnyomassal\/"},"modified":"2025-12-05T04:05:42","modified_gmt":"2025-12-05T03:05:42","slug":"1944-karpatalja-hasznalatlan-dijjegyes-levelezolap-karpataljai-40f-felulnyomas-tabori-posta-lapon-pruf-bodor","status":"publish","type":"product","link":"https:\/\/stampcurio.com\/hu\/termek\/1944-karpatalja-hasznalatlan-dijjegyes-levelezolap-karpataljai-40f-felulnyomas-tabori-posta-lapon-pruf-bodor\/","title":{"rendered":"1944 K\u00e1rp\u00e1talja &#8211; haszn\u00e1latlan d\u00edjjegyes levelez\u0151lap \/ k\u00e1rp\u00e1taljai 40f fel\u00fclnyom\u00e1s t\u00e1bori posta lapon \/ Pr\u00fcf: Bodor"},"content":{"rendered":"","protected":false},"excerpt":{"rendered":"","protected":false},"featured_media":24005,"template":"","meta":[],"product_brand":[],"product_cat":[1172,1226],"product_tag":[1664,74,208,1006],"class_list":{"0":"post-15617","1":"product","2":"type-product","3":"status-publish","4":"has-post-thumbnail","6":"product_cat-magyarorszag","7":"product_cat-ukrajna","8":"product_tag-2nd-auction-hu","9":"product_tag-dijjegyes","10":"product_tag-tabori-posta","11":"product_tag-unsold","13":"first","14":"outofstock","15":"sold-individually","16":"shipping-taxable","17":"product-type-simple"},"_links":{"self":[{"href":"https:\/\/stampcurio.com\/hu\/wp-json\/wp\/v2\/product\/15617","targetHints":{"allow":["GET"]}}],"collection":[{"href":"https:\/\/stampcurio.com\/hu\/wp-json\/wp\/v2\/product"}],"about":[{"href":"https:\/\/stampcurio.com\/hu\/wp-json\/wp\/v2\/types\/product"}],"wp:featuredmedia":[{"embeddable":true,"href":"https:\/\/stampcurio.com\/hu\/wp-json\/wp\/v2\/media\/24005"}],"wp:attachment":[{"href":"https:\/\/stampcurio.com\/hu\/wp-json\/wp\/v2\/media?parent=15617"}],"wp:term":[{"taxonomy":"product_brand","embeddable":true,"href":"https:\/\/stampcurio.com\/hu\/wp-json\/wp\/v2\/product_brand?post=15617"},{"taxonomy":"product_cat","embeddable":true,"href":"https:\/\/stampcurio.com\/hu\/wp-json\/wp\/v2\/product_cat?post=15617"},{"taxonomy":"product_tag","embeddable":true,"href":"https:\/\/stampcurio.com\/hu\/wp-json\/wp\/v2\/product_tag?post=15617"}],"curies":[{"name":"wp","href":"https:\/\/api.w.org\/{rel}","templated":true}]}}