{"id":15616,"date":"2024-11-29T18:32:19","date_gmt":"2024-11-29T17:32:19","guid":{"rendered":"https:\/\/stampcurio.com\/product\/1950-gyermek-sorral-bermentesitett-boritek-izraelbe-izraeli-cenzuraval-36-sekel-portoval-ritka\/"},"modified":"2025-12-05T04:05:43","modified_gmt":"2025-12-05T03:05:43","slug":"1950-magyarorszag-alulbermentesitett-boritek-izraelbe-kuldve-izraeli-cenzuraval-es-36-sekel-portoval-ritkan-lathato-portozas","status":"publish","type":"product","link":"https:\/\/stampcurio.com\/hu\/termek\/1950-magyarorszag-alulbermentesitett-boritek-izraelbe-kuldve-izraeli-cenzuraval-es-36-sekel-portoval-ritkan-lathato-portozas\/","title":{"rendered":"1950 Magyarorsz\u00e1g &#8211; alulb\u00e9rmentes\u00edtett bor\u00edt\u00e9k Izraelbe k\u00fcldve izraeli cenz\u00far\u00e1val \u00e9s 36 s\u00e9kel port\u00f3val, ritk\u00e1n l\u00e1that\u00f3 port\u00f3z\u00e1s"},"content":{"rendered":"","protected":false},"excerpt":{"rendered":"","protected":false},"featured_media":19557,"template":"","meta":[],"product_brand":[],"product_cat":[1224,1172],"product_tag":[1664,116,233,108,89],"class_list":{"0":"post-15616","1":"product","2":"type-product","3":"status-publish","4":"has-post-thumbnail","6":"product_cat-izrael","7":"product_cat-magyarorszag","8":"product_tag-2nd-auction-hu","9":"product_tag-belyeg","10":"product_tag-cenzura","11":"product_tag-porto","12":"product_tag-postatortenet","14":"first","15":"outofstock","16":"sold-individually","17":"shipping-taxable","18":"product-type-simple"},"_links":{"self":[{"href":"https:\/\/stampcurio.com\/hu\/wp-json\/wp\/v2\/product\/15616","targetHints":{"allow":["GET"]}}],"collection":[{"href":"https:\/\/stampcurio.com\/hu\/wp-json\/wp\/v2\/product"}],"about":[{"href":"https:\/\/stampcurio.com\/hu\/wp-json\/wp\/v2\/types\/product"}],"wp:featuredmedia":[{"embeddable":true,"href":"https:\/\/stampcurio.com\/hu\/wp-json\/wp\/v2\/media\/19557"}],"wp:attachment":[{"href":"https:\/\/stampcurio.com\/hu\/wp-json\/wp\/v2\/media?parent=15616"}],"wp:term":[{"taxonomy":"product_brand","embeddable":true,"href":"https:\/\/stampcurio.com\/hu\/wp-json\/wp\/v2\/product_brand?post=15616"},{"taxonomy":"product_cat","embeddable":true,"href":"https:\/\/stampcurio.com\/hu\/wp-json\/wp\/v2\/product_cat?post=15616"},{"taxonomy":"product_tag","embeddable":true,"href":"https:\/\/stampcurio.com\/hu\/wp-json\/wp\/v2\/product_tag?post=15616"}],"curies":[{"name":"wp","href":"https:\/\/api.w.org\/{rel}","templated":true}]}}