{"id":15615,"date":"2024-11-29T18:32:19","date_gmt":"2024-11-29T17:32:19","guid":{"rendered":"https:\/\/stampcurio.com\/product\/1905-panamaba-kuldott-ajanlott-level-nagyszebenbol-turul-412-filler-2-filler-5-belyeges-bermentesitessel-ritka-destinacio\/"},"modified":"2025-12-05T04:05:43","modified_gmt":"2025-12-05T03:05:43","slug":"1905-magyarorszag-panamaba-kuldott-ajanlott-level-nagyszebenbol-turul-412-filler-2-filler-5-belyeges-bermentesitessel-ritka-destinacio","status":"publish","type":"product","link":"https:\/\/stampcurio.com\/hu\/termek\/1905-magyarorszag-panamaba-kuldott-ajanlott-level-nagyszebenbol-turul-412-filler-2-filler-5-belyeges-bermentesitessel-ritka-destinacio\/","title":{"rendered":"1905 Magyarorsz\u00e1g &#8211; Panam\u00e1ba k\u00fcld\u00f6tt aj\u00e1nlott lev\u00e9l Nagyszebenb\u0151l turul 4*12 fill\u00e9r + 2 fill\u00e9r &#8211; 5 b\u00e9lyeges b\u00e9rmentes\u00edt\u00e9ssel, ritka destin\u00e1ci\u00f3"},"content":{"rendered":"","protected":false},"excerpt":{"rendered":"","protected":false},"featured_media":19569,"template":"","meta":[],"product_brand":[],"product_cat":[1172,1283,1208],"product_tag":[1664,116,176,89,1006],"class_list":{"0":"post-15615","1":"product","2":"type-product","3":"status-publish","4":"has-post-thumbnail","6":"product_cat-magyarorszag","7":"product_cat-panama","8":"product_cat-romania","9":"product_tag-2nd-auction-hu","10":"product_tag-belyeg","11":"product_tag-philagem","12":"product_tag-postatortenet","13":"product_tag-unsold","15":"first","16":"outofstock","17":"sold-individually","18":"shipping-taxable","19":"product-type-simple"},"_links":{"self":[{"href":"https:\/\/stampcurio.com\/hu\/wp-json\/wp\/v2\/product\/15615","targetHints":{"allow":["GET"]}}],"collection":[{"href":"https:\/\/stampcurio.com\/hu\/wp-json\/wp\/v2\/product"}],"about":[{"href":"https:\/\/stampcurio.com\/hu\/wp-json\/wp\/v2\/types\/product"}],"wp:featuredmedia":[{"embeddable":true,"href":"https:\/\/stampcurio.com\/hu\/wp-json\/wp\/v2\/media\/19569"}],"wp:attachment":[{"href":"https:\/\/stampcurio.com\/hu\/wp-json\/wp\/v2\/media?parent=15615"}],"wp:term":[{"taxonomy":"product_brand","embeddable":true,"href":"https:\/\/stampcurio.com\/hu\/wp-json\/wp\/v2\/product_brand?post=15615"},{"taxonomy":"product_cat","embeddable":true,"href":"https:\/\/stampcurio.com\/hu\/wp-json\/wp\/v2\/product_cat?post=15615"},{"taxonomy":"product_tag","embeddable":true,"href":"https:\/\/stampcurio.com\/hu\/wp-json\/wp\/v2\/product_tag?post=15615"}],"curies":[{"name":"wp","href":"https:\/\/api.w.org\/{rel}","templated":true}]}}