{"id":15614,"date":"2024-11-29T18:32:19","date_gmt":"2024-11-29T17:32:19","guid":{"rendered":"https:\/\/stampcurio.com\/product\/1901-etad-independet-du-congo-kongo-belgium-dijjegyes-levlap-irorszagba-kuldve-szep-kek-matadi-belyegzessel\/"},"modified":"2025-12-05T04:05:42","modified_gmt":"2025-12-05T03:05:42","slug":"1901-kongoi-szabad-allam-dijjegyes-levelezolap-irorszagba-kuldve-szep-kek-matadi-belyegzessel","status":"publish","type":"product","link":"https:\/\/stampcurio.com\/hu\/termek\/1901-kongoi-szabad-allam-dijjegyes-levelezolap-irorszagba-kuldve-szep-kek-matadi-belyegzessel\/","title":{"rendered":"1901 Kong\u00f3i Szabad \u00c1llam &#8211; d\u00edjjegyes levelez\u0151lap \u00cdrorsz\u00e1gba k\u00fcldve, sz\u00e9p k\u00e9k MATADI b\u00e9lyegz\u00e9ssel"},"content":{"rendered":"","protected":false},"excerpt":{"rendered":"","protected":false},"featured_media":19218,"template":"","meta":[],"product_brand":[],"product_cat":[1257,1278,1282],"product_tag":[1664,74,1041,1006],"class_list":{"0":"post-15614","1":"product","2":"type-product","3":"status-publish","4":"has-post-thumbnail","6":"product_cat-belgium","7":"product_cat-irorszag","8":"product_cat-kongo","9":"product_tag-2nd-auction-hu","10":"product_tag-dijjegyes","11":"product_tag-marcophily-hu","12":"product_tag-unsold","14":"first","15":"outofstock","16":"sold-individually","17":"shipping-taxable","18":"product-type-simple"},"_links":{"self":[{"href":"https:\/\/stampcurio.com\/hu\/wp-json\/wp\/v2\/product\/15614","targetHints":{"allow":["GET"]}}],"collection":[{"href":"https:\/\/stampcurio.com\/hu\/wp-json\/wp\/v2\/product"}],"about":[{"href":"https:\/\/stampcurio.com\/hu\/wp-json\/wp\/v2\/types\/product"}],"wp:featuredmedia":[{"embeddable":true,"href":"https:\/\/stampcurio.com\/hu\/wp-json\/wp\/v2\/media\/19218"}],"wp:attachment":[{"href":"https:\/\/stampcurio.com\/hu\/wp-json\/wp\/v2\/media?parent=15614"}],"wp:term":[{"taxonomy":"product_brand","embeddable":true,"href":"https:\/\/stampcurio.com\/hu\/wp-json\/wp\/v2\/product_brand?post=15614"},{"taxonomy":"product_cat","embeddable":true,"href":"https:\/\/stampcurio.com\/hu\/wp-json\/wp\/v2\/product_cat?post=15614"},{"taxonomy":"product_tag","embeddable":true,"href":"https:\/\/stampcurio.com\/hu\/wp-json\/wp\/v2\/product_tag?post=15614"}],"curies":[{"name":"wp","href":"https:\/\/api.w.org\/{rel}","templated":true}]}}