{"id":15613,"date":"2024-11-29T18:32:18","date_gmt":"2024-11-29T17:32:18","guid":{"rendered":"https:\/\/stampcurio.com\/product\/1947-repulo-20-filler-csonak-tevnyomat-levelen-phu-belyegar-20-eur-levelen-rendkivul-ritkan-lathato-amerikaba-kuldott-legiposta-levelen\/"},"modified":"2025-12-05T04:05:44","modified_gmt":"2025-12-05T03:05:44","slug":"1947-magyarorszag-repulo-20-filler-csonak-tevnyomat-amerikaba-kuldott-legiposta-levelen-levelen-rendkivul-ritkan-lathato-tevnyomat-phu-20-eur-az-aztatott-belyeg-ara","status":"publish","type":"product","link":"https:\/\/stampcurio.com\/hu\/termek\/1947-magyarorszag-repulo-20-filler-csonak-tevnyomat-amerikaba-kuldott-legiposta-levelen-levelen-rendkivul-ritkan-lathato-tevnyomat-phu-20-eur-az-aztatott-belyeg-ara\/","title":{"rendered":"1947 Magyarorsz\u00e1g &#8211; Rep\u00fcl\u0151 20 fill\u00e9r cs\u00f3nak t\u00e9vnyomat Amerik\u00e1ba k\u00fcld\u00f6tt l\u00e9giposta lev\u00e9len &#8211; lev\u00e9len rendk\u00edv\u00fcl ritk\u00e1n l\u00e1that\u00f3 t\u00e9vnyomat |  PHu: 20 EUR (az \u00e1ztatott b\u00e9lyeg \u00e1ra)"},"content":{"rendered":"","protected":false},"excerpt":{"rendered":"","protected":false},"featured_media":18616,"template":"","meta":[],"product_brand":[],"product_cat":[1172],"product_tag":[1664,116,115,89,217],"class_list":{"0":"post-15613","1":"product","2":"type-product","3":"status-publish","4":"has-post-thumbnail","6":"product_cat-magyarorszag","7":"product_tag-2nd-auction-hu","8":"product_tag-belyeg","9":"product_tag-legiposta","10":"product_tag-postatortenet","11":"product_tag-tevnyomat","13":"first","14":"outofstock","15":"sold-individually","16":"shipping-taxable","17":"product-type-simple"},"_links":{"self":[{"href":"https:\/\/stampcurio.com\/hu\/wp-json\/wp\/v2\/product\/15613","targetHints":{"allow":["GET"]}}],"collection":[{"href":"https:\/\/stampcurio.com\/hu\/wp-json\/wp\/v2\/product"}],"about":[{"href":"https:\/\/stampcurio.com\/hu\/wp-json\/wp\/v2\/types\/product"}],"wp:featuredmedia":[{"embeddable":true,"href":"https:\/\/stampcurio.com\/hu\/wp-json\/wp\/v2\/media\/18616"}],"wp:attachment":[{"href":"https:\/\/stampcurio.com\/hu\/wp-json\/wp\/v2\/media?parent=15613"}],"wp:term":[{"taxonomy":"product_brand","embeddable":true,"href":"https:\/\/stampcurio.com\/hu\/wp-json\/wp\/v2\/product_brand?post=15613"},{"taxonomy":"product_cat","embeddable":true,"href":"https:\/\/stampcurio.com\/hu\/wp-json\/wp\/v2\/product_cat?post=15613"},{"taxonomy":"product_tag","embeddable":true,"href":"https:\/\/stampcurio.com\/hu\/wp-json\/wp\/v2\/product_tag?post=15613"}],"curies":[{"name":"wp","href":"https:\/\/api.w.org\/{rel}","templated":true}]}}