{"id":15612,"date":"2024-11-29T18:32:18","date_gmt":"2024-11-29T17:32:18","guid":{"rendered":"https:\/\/stampcurio.com\/product\/1916-parlament-3-korona-rendkivul-latvanyos-k-perfinnel-ismeretlen\/"},"modified":"2025-12-05T04:05:43","modified_gmt":"2025-12-05T03:05:43","slug":"1916-magyarorszag-parlament-3-korona-rendkivul-latvanyos-ismeretlen-k-perfinnel","status":"publish","type":"product","link":"https:\/\/stampcurio.com\/hu\/termek\/1916-magyarorszag-parlament-3-korona-rendkivul-latvanyos-ismeretlen-k-perfinnel\/","title":{"rendered":"1916 Magyarorsz\u00e1g &#8211; Parlament 3 korona rendk\u00edv\u00fcl l\u00e1tv\u00e1nyos, ismeretlen K perfinnel"},"content":{"rendered":"","protected":false},"excerpt":{"rendered":"","protected":false},"featured_media":18722,"template":"","meta":[],"product_brand":[],"product_cat":[1172],"product_tag":[1664,116,230],"class_list":{"0":"post-15612","1":"product","2":"type-product","3":"status-publish","4":"has-post-thumbnail","6":"product_cat-magyarorszag","7":"product_tag-2nd-auction-hu","8":"product_tag-belyeg","9":"product_tag-perfin","11":"first","12":"outofstock","13":"sold-individually","14":"shipping-taxable","15":"product-type-simple"},"_links":{"self":[{"href":"https:\/\/stampcurio.com\/hu\/wp-json\/wp\/v2\/product\/15612","targetHints":{"allow":["GET"]}}],"collection":[{"href":"https:\/\/stampcurio.com\/hu\/wp-json\/wp\/v2\/product"}],"about":[{"href":"https:\/\/stampcurio.com\/hu\/wp-json\/wp\/v2\/types\/product"}],"wp:featuredmedia":[{"embeddable":true,"href":"https:\/\/stampcurio.com\/hu\/wp-json\/wp\/v2\/media\/18722"}],"wp:attachment":[{"href":"https:\/\/stampcurio.com\/hu\/wp-json\/wp\/v2\/media?parent=15612"}],"wp:term":[{"taxonomy":"product_brand","embeddable":true,"href":"https:\/\/stampcurio.com\/hu\/wp-json\/wp\/v2\/product_brand?post=15612"},{"taxonomy":"product_cat","embeddable":true,"href":"https:\/\/stampcurio.com\/hu\/wp-json\/wp\/v2\/product_cat?post=15612"},{"taxonomy":"product_tag","embeddable":true,"href":"https:\/\/stampcurio.com\/hu\/wp-json\/wp\/v2\/product_tag?post=15612"}],"curies":[{"name":"wp","href":"https:\/\/api.w.org\/{rel}","templated":true}]}}