{"id":15611,"date":"2024-11-29T18:32:18","date_gmt":"2024-11-29T17:32:18","guid":{"rendered":"https:\/\/stampcurio.com\/product\/1931-december-konzuli-illetekbelyegek-illetekmentes-10-aranyfiller-50-filler-1-pengo-2-pengo-phu-20-eur\/"},"modified":"2025-12-05T04:05:43","modified_gmt":"2025-12-05T03:05:43","slug":"1931-magyarorszag-konzuli-illetekbelyegek-illetekmentes-10-es-50-filler-1-es-2-pengo-phu-20-eur","status":"publish","type":"product","link":"https:\/\/stampcurio.com\/hu\/termek\/1931-magyarorszag-konzuli-illetekbelyegek-illetekmentes-10-es-50-filler-1-es-2-pengo-phu-20-eur\/","title":{"rendered":"1931 Magyarorsz\u00e1g &#8211; konzuli illet\u00e9kb\u00e9lyegek &#8211; illet\u00e9kmentes, 10 \u00e9s 50 fill\u00e9r, 1 \u00e9s 2 peng\u0151 | Phu: 20 EUR"},"content":{"rendered":"","protected":false},"excerpt":{"rendered":"","protected":false},"featured_media":18871,"template":"","meta":[],"product_brand":[],"product_cat":[1172],"product_tag":[1664,282,1006],"class_list":{"0":"post-15611","1":"product","2":"type-product","3":"status-publish","4":"has-post-thumbnail","6":"product_cat-magyarorszag","7":"product_tag-2nd-auction-hu","8":"product_tag-okmanybelyeg","9":"product_tag-unsold","11":"first","12":"outofstock","13":"sold-individually","14":"shipping-taxable","15":"product-type-simple"},"_links":{"self":[{"href":"https:\/\/stampcurio.com\/hu\/wp-json\/wp\/v2\/product\/15611","targetHints":{"allow":["GET"]}}],"collection":[{"href":"https:\/\/stampcurio.com\/hu\/wp-json\/wp\/v2\/product"}],"about":[{"href":"https:\/\/stampcurio.com\/hu\/wp-json\/wp\/v2\/types\/product"}],"wp:featuredmedia":[{"embeddable":true,"href":"https:\/\/stampcurio.com\/hu\/wp-json\/wp\/v2\/media\/18871"}],"wp:attachment":[{"href":"https:\/\/stampcurio.com\/hu\/wp-json\/wp\/v2\/media?parent=15611"}],"wp:term":[{"taxonomy":"product_brand","embeddable":true,"href":"https:\/\/stampcurio.com\/hu\/wp-json\/wp\/v2\/product_brand?post=15611"},{"taxonomy":"product_cat","embeddable":true,"href":"https:\/\/stampcurio.com\/hu\/wp-json\/wp\/v2\/product_cat?post=15611"},{"taxonomy":"product_tag","embeddable":true,"href":"https:\/\/stampcurio.com\/hu\/wp-json\/wp\/v2\/product_tag?post=15611"}],"curies":[{"name":"wp","href":"https:\/\/api.w.org\/{rel}","templated":true}]}}