{"id":15609,"date":"2024-11-29T18:32:15","date_gmt":"2024-11-29T17:32:15","guid":{"rendered":"https:\/\/stampcurio.com\/product\/1931-konzuli-illetekbelyeg-20-aranyfiller-b-vizjelallas-phu-125-eur-pecsetelt\/"},"modified":"2025-12-05T04:05:44","modified_gmt":"2025-12-05T03:05:44","slug":"1931-magyarorszag-20-aranyfiller-pecsetelt-konzuli-illetekbelyeg-b-vizjelallas-phu-125-eur","status":"publish","type":"product","link":"https:\/\/stampcurio.com\/hu\/termek\/1931-magyarorszag-20-aranyfiller-pecsetelt-konzuli-illetekbelyeg-b-vizjelallas-phu-125-eur\/","title":{"rendered":"1931 Magyarorsz\u00e1g &#8211; 20 aranyfill\u00e9r pecs\u00e9telt konzuli illet\u00e9kb\u00e9lyeg, B v\u00edzjel\u00e1ll\u00e1s |  PHu: 125 EUR"},"content":{"rendered":"","protected":false},"excerpt":{"rendered":"","protected":false},"featured_media":18893,"template":"","meta":[],"product_brand":[],"product_cat":[1172],"product_tag":[1664,282,217,1006],"class_list":{"0":"post-15609","1":"product","2":"type-product","3":"status-publish","4":"has-post-thumbnail","6":"product_cat-magyarorszag","7":"product_tag-2nd-auction-hu","8":"product_tag-okmanybelyeg","9":"product_tag-tevnyomat","10":"product_tag-unsold","12":"first","13":"outofstock","14":"sold-individually","15":"shipping-taxable","16":"product-type-simple"},"_links":{"self":[{"href":"https:\/\/stampcurio.com\/hu\/wp-json\/wp\/v2\/product\/15609","targetHints":{"allow":["GET"]}}],"collection":[{"href":"https:\/\/stampcurio.com\/hu\/wp-json\/wp\/v2\/product"}],"about":[{"href":"https:\/\/stampcurio.com\/hu\/wp-json\/wp\/v2\/types\/product"}],"wp:featuredmedia":[{"embeddable":true,"href":"https:\/\/stampcurio.com\/hu\/wp-json\/wp\/v2\/media\/18893"}],"wp:attachment":[{"href":"https:\/\/stampcurio.com\/hu\/wp-json\/wp\/v2\/media?parent=15609"}],"wp:term":[{"taxonomy":"product_brand","embeddable":true,"href":"https:\/\/stampcurio.com\/hu\/wp-json\/wp\/v2\/product_brand?post=15609"},{"taxonomy":"product_cat","embeddable":true,"href":"https:\/\/stampcurio.com\/hu\/wp-json\/wp\/v2\/product_cat?post=15609"},{"taxonomy":"product_tag","embeddable":true,"href":"https:\/\/stampcurio.com\/hu\/wp-json\/wp\/v2\/product_tag?post=15609"}],"curies":[{"name":"wp","href":"https:\/\/api.w.org\/{rel}","templated":true}]}}